{"id":725,"date":"2025-12-15T17:35:53","date_gmt":"2025-12-15T16:35:53","guid":{"rendered":"https:\/\/mozomozashop.com\/nl\/?page_id=725"},"modified":"2026-02-02T19:19:46","modified_gmt":"2026-02-02T18:19:46","slug":"impressum","status":"publish","type":"page","link":"https:\/\/mozomozashop.com\/nl\/impressum\/","title":{"rendered":"Impressum"},"content":{"rendered":"<div class=\"gb-container gb-container-75d27e1f\">\n<div class=\"gb-container gb-container-6a173f9b\">\n\n<p>Mozomoza is een geregistreerd handelsmerk van Mozomoza B.V. Nederland. KSH Vertrieb GbR is geautoriseerd distributiepartner voor de regio&#8217;s Duitsland, Oostenrijk, Zwitserland, Frankrijk, Belgi\u00eb, Nederland en Luxemburg.<\/p>\n\n\n\n<h2 class=\"wp-block-heading\">BEDRIJFSGEGEVENS<\/h2>\n\n\n\n<p>Offici\u00eble Mozomoza-distributeur voor Duitsland, Oostenrijk, Zwitserland, Frankrijk, Benelux<\/p>\n\n\n\n<p>KSH Vertrieb GbR<br>Gartenstra\u00dfe 1<br>77731 Willst\u00e4tt<br>Duitsland<\/p>\n\n\n\n<p>BTW-nr.: DE453182221<\/p>\n\n\n\n<h2 class=\"wp-block-heading\">VERTEGENWOORDIGD DOOR:<\/h2>\n\n\n\n<p>Felix Kr\u00fcger, Heiko Schneider, Volker Hornbacher<\/p>\n\n\n\n<h2 class=\"wp-block-heading\">CONTACT:<\/h2>\n\n\n\n<p>Telefoon: +49 234 9020328<br>E-mail: hello@mozomozashop.de<\/p>\n\n\n\n<h2 class=\"wp-block-heading\">VERANTWOORDELIJK VOOR DE INHOUD:<\/h2>\n\n\n\n<p>Heiko Schneider<br>KSH Vertrieb GbR<br>Gartenstra\u00dfe 1<br>77731 Willst\u00e4tt<br>Duitsland<\/p>\n\n\n\n<h2 class=\"wp-block-heading\">GESCHILLENBESLECHTING<\/h2>\n\n\n\n<p>Wij zijn niet bereid of verplicht om deel te nemen aan geschillenbeslechtingsprocedures bij een consumentengeschillencommissie.<\/p>\n\n\n\n<h2 class=\"wp-block-heading\">AANSPRAKELIJKHEID VOOR INHOUD<\/h2>\n\n\n\n<p>Als dienstverlener zijn wij verantwoordelijk voor eigen inhoud op deze pagina&#8217;s volgens de algemene wetgeving. Als dienstverlener zijn wij echter niet verplicht om overgedragen of opgeslagen externe informatie te controleren of te onderzoeken naar omstandigheden die wijzen op een onwettige activiteit.<\/p>\n\n\n\n<p>Verplichtingen tot het verwijderen of blokkeren van het gebruik van informatie volgens de algemene wetgeving blijven hiervan onverlet. Een dienaangaande aansprakelijkheid is echter pas mogelijk vanaf het moment van kennisname van een concrete inbreuk. Bij bekendwording van dergelijke inbreuken zullen wij deze inhoud onmiddellijk verwijderen.<\/p>\n\n\n\n<h2 class=\"wp-block-heading\">AANSPRAKELIJKHEID VOOR LINKS<\/h2>\n\n\n\n<p>Ons aanbod bevat links naar externe websites van derden waarop wij geen invloed hebben. Daarom kunnen wij voor deze externe inhoud ook geen garantie aanvaarden. Voor de inhoud van de gelinkte pagina&#8217;s is altijd de betreffende aanbieder of beheerder van de pagina&#8217;s verantwoordelijk. De gelinkte pagina&#8217;s zijn op het moment van linken gecontroleerd op mogelijke inbreuken. Onwettige inhoud was op het moment van linken niet waarneembaar.<\/p>\n\n\n\n<p>Een permanente inhoudelijke controle van de gelinkte pagina&#8217;s is echter zonder concrete aanwijzingen van een inbreuk niet redelijk. Bij bekendwording van inbreuken zullen wij dergelijke links onmiddellijk verwijderen.<\/p>\n\n\n\n<h2 class=\"wp-block-heading\">AUTEURSRECHT<\/h2>\n\n\n\n<p>De door de sitebeheerders gecre\u00eberde inhoud en werken op deze pagina&#8217;s vallen onder het Duitse auteursrecht. Het verveelvoudigen, bewerken, verspreiden en elk soort exploitatie buiten de grenzen van het auteursrecht vereisen de schriftelijke toestemming van de respectievelijke auteur of maker. Downloads en kopie\u00ebn van deze pagina zijn alleen toegestaan voor priv\u00e9, niet-commercieel gebruik.<\/p>\n\n\n\n<p>Voor zover de inhoud op deze pagina niet door de beheerder is gecre\u00eberd, worden de auteursrechten van derden in acht genomen. Met name worden inhoud van derden als zodanig gekenmerkt. Mocht u desondanks op een auteursrechtinbreuk attent worden, vragen wij u om een dienovereenkomstige melding. Bij bekendwording van inbreuken zullen wij dergelijke inhoud onmiddellijk verwijderen.<\/p>\n\n\n\n<h2 class=\"wp-block-heading\">GEGEVENSBESCHERMING<\/h2>\n\n\n\n<p>Informatie over gegevensbescherming vindt u in onze privacyverklaring.<\/p>\n\n\n\n<h2 class=\"wp-block-heading\">ONLINE GESCHILLENBESLECHTING VOLGENS ART. 14 LID 1 ODR-VERORDENING<\/h2>\n\n\n\n<p>De Europese Commissie biedt een platform voor online geschillenbeslechting (OS) dat u kunt vinden op&nbsp;<a href=\"https:\/\/ec.europa.eu\/consumers\/odr\/\" target=\"_blank\" rel=\"noreferrer noopener\">https:\/\/ec.europa.eu\/consumers\/odr\/<\/a>. Wij zijn niet bereid en niet verplicht om deel te nemen aan een geschillenbeslechtingsprocedure bij een consumentengeschillencommissie.<\/p>\n\n\n\n<h2 class=\"wp-block-heading\">ALTERNATIEVE GESCHILLENBESLECHTING<\/h2>\n\n\n\n<p>Alternatieve geschillenbeslechting volgens art. 14 lid 1 ODR-verordening:<\/p>\n\n\n\n<p>Wij zijn niet verplicht en niet bereid om deel te nemen aan een geschillenbeslechtingsprocedure bij een consumentengeschillencommissie.<\/p>\n\n\n\n<p><em>Alternative Dispute Resolution in accordance with Art. 14 (1) ODR Regulation:<\/em><br><em>We are not obliged or willing to participate in dispute resolution proceedings before a consumer arbitration board.<\/em><\/p>\n\n<\/div>\n<\/div>\n\n<div class=\"woocommerce woocommerce-gzd woocommerce-gzd-complaints-shortcode\">\n\t\t\t<h3>Alternatieve geschillenbeslechting in overeenstemming met Art. 14 (1) ODR-VO en \u00a7 36 VSBG:<\/h3>\n\t\nZur Teilnahme an einem Streitbeilegungsverfahren vor einer Verbraucherschlichtungsstelle sind wir nicht verpflichtet und nicht bereit.<\/div>","protected":false},"excerpt":{"rendered":"<p>Mozomoza is een geregistreerd handelsmerk van Mozomoza B.V. Nederland. KSH Vertrieb GbR is geautoriseerd distributiepartner voor de regio&#8217;s Duitsland, Oostenrijk, Zwitserland, Frankrijk, Belgi\u00eb, Nederland en Luxemburg. BEDRIJFSGEGEVENS Offici\u00eble Mozomoza-distributeur voor Duitsland, Oostenrijk, Zwitserland, Frankrijk, Benelux KSH Vertrieb GbRGartenstra\u00dfe 177731 Willst\u00e4ttDuitsland BTW-nr.: DE453182221 VERTEGENWOORDIGD DOOR: Felix Kr\u00fcger, Heiko Schneider, Volker Hornbacher CONTACT: Telefoon: +49 234 9020328E-mail: &#8230; <a title=\"Impressum\" class=\"read-more\" href=\"https:\/\/mozomozashop.com\/nl\/impressum\/\" aria-label=\"Lees meer over Impressum\">Lees meer<\/a><\/p>\n","protected":false},"author":1,"featured_media":0,"parent":0,"menu_order":0,"comment_status":"closed","ping_status":"closed","template":"","meta":{"_acf_changed":false,"footnotes":""},"class_list":["post-725","page","type-page","status-publish"],"acf":[],"_links":{"self":[{"href":"https:\/\/mozomozashop.com\/nl\/wp-json\/wp\/v2\/pages\/725","targetHints":{"allow":["GET"]}}],"collection":[{"href":"https:\/\/mozomozashop.com\/nl\/wp-json\/wp\/v2\/pages"}],"about":[{"href":"https:\/\/mozomozashop.com\/nl\/wp-json\/wp\/v2\/types\/page"}],"author":[{"embeddable":true,"href":"https:\/\/mozomozashop.com\/nl\/wp-json\/wp\/v2\/users\/1"}],"replies":[{"embeddable":true,"href":"https:\/\/mozomozashop.com\/nl\/wp-json\/wp\/v2\/comments?post=725"}],"version-history":[{"count":3,"href":"https:\/\/mozomozashop.com\/nl\/wp-json\/wp\/v2\/pages\/725\/revisions"}],"predecessor-version":[{"id":883,"href":"https:\/\/mozomozashop.com\/nl\/wp-json\/wp\/v2\/pages\/725\/revisions\/883"}],"wp:attachment":[{"href":"https:\/\/mozomozashop.com\/nl\/wp-json\/wp\/v2\/media?parent=725"}],"curies":[{"name":"wp","href":"https:\/\/api.w.org\/{rel}","templated":true}]}}