{"id":718,"date":"2025-12-15T17:51:41","date_gmt":"2025-12-15T16:51:41","guid":{"rendered":"https:\/\/mozomozashop.com\/fr\/?post_type=product&#038;p=718"},"modified":"2026-02-03T15:37:13","modified_gmt":"2026-02-03T14:37:13","slug":"mozomoza-panda","status":"publish","type":"product","link":"https:\/\/mozomozashop.com\/fr\/shop\/mozomoza-panda\/","title":{"rendered":"Mozomoza Panda"},"content":{"rendered":"","protected":false},"excerpt":{"rendered":"<p>Le Mozomoza Panda \u2013 la premi\u00e8re poussette modulaire du monde en bambou pur. 100 % sans plastique, robuste et ultra l\u00e9ger. Con\u00e7ue pour un confort optimal et construite pour un avenir durable \u2013 une maison sur roues pour votre b\u00e9b\u00e9 et un v\u00e9ritable statement pour une vraie durabilit\u00e9.<\/p>\n","protected":false},"featured_media":742,"template":"","meta":{"_acf_changed":false},"product_brand":[],"product_cat":[],"product_tag":[],"class_list":{"0":"post-718","1":"product","2":"type-product","3":"status-publish","4":"has-post-thumbnail","6":"sales-flash-overlay","7":"woocommerce-text-align-center","8":"woocommerce-image-align-center","9":"do-quantity-buttons","10":"wc-has-gallery","12":"first","13":"instock","14":"taxable","15":"shipping-taxable","16":"purchasable","17":"product-type-simple"},"acf":[],"_links":{"self":[{"href":"https:\/\/mozomozashop.com\/fr\/wp-json\/wp\/v2\/product\/718","targetHints":{"allow":["GET"]}}],"collection":[{"href":"https:\/\/mozomozashop.com\/fr\/wp-json\/wp\/v2\/product"}],"about":[{"href":"https:\/\/mozomozashop.com\/fr\/wp-json\/wp\/v2\/types\/product"}],"wp:featuredmedia":[{"embeddable":true,"href":"https:\/\/mozomozashop.com\/fr\/wp-json\/wp\/v2\/media\/742"}],"wp:attachment":[{"href":"https:\/\/mozomozashop.com\/fr\/wp-json\/wp\/v2\/media?parent=718"}],"wp:term":[{"taxonomy":"product_brand","embeddable":true,"href":"https:\/\/mozomozashop.com\/fr\/wp-json\/wp\/v2\/product_brand?post=718"},{"taxonomy":"product_cat","embeddable":true,"href":"https:\/\/mozomozashop.com\/fr\/wp-json\/wp\/v2\/product_cat?post=718"},{"taxonomy":"product_tag","embeddable":true,"href":"https:\/\/mozomozashop.com\/fr\/wp-json\/wp\/v2\/product_tag?post=718"}],"curies":[{"name":"wp","href":"https:\/\/api.w.org\/{rel}","templated":true}]}}