{"id":803,"date":"2025-12-17T22:14:54","date_gmt":"2025-12-17T21:14:54","guid":{"rendered":"https:\/\/mozomozashop.com\/fr\/?page_id=803"},"modified":"2026-02-03T00:59:05","modified_gmt":"2026-02-02T23:59:05","slug":"nachhaltigkeit","status":"publish","type":"page","link":"https:\/\/mozomozashop.com\/fr\/nachhaltigkeit\/","title":{"rendered":"Nachhaltigkeit"},"content":{"rendered":"<div class=\"gb-container gb-container-887590e6\">\n<div class=\"gb-container gb-container-9df48458\">\n<div class=\"gb-grid-wrapper gb-grid-wrapper-5ea250ef\">\n<div class=\"gb-grid-column gb-grid-column-dbb3c4bf\"><div class=\"gb-container gb-container-dbb3c4bf\">\n\n<h1 class=\"gb-headline gb-headline-5dd37964 gb-headline-text\">Nous avons tout simplement int\u00e9gr\u00e9 la durabilit\u00e9<\/h1>\n\n<\/div><\/div>\n<\/div>\n<\/div>\n<\/div>\n\n<div class=\"gb-container gb-container-40aaada7 alignfull\">\n<div class=\"gb-container gb-container-90b546fd\">\n<div class=\"gb-grid-wrapper gb-grid-wrapper-bf5f86d1\">\n<div class=\"gb-grid-column gb-grid-column-2cfd1834\"><div class=\"gb-container gb-container-2cfd1834\">\n\n<figure class=\"gb-block-image gb-block-image-a2b98611\"><img loading=\"lazy\" decoding=\"async\" width=\"900\" height=\"741\" class=\"gb-image gb-image-a2b98611\" src=\"https:\/\/mozomozashop.com\/fr\/wp-content\/uploads\/sites\/7\/mozo-verticalslider1.webp\" alt=\"\" title=\"mozo-verticalslider1\" srcset=\"https:\/\/mozomozashop.com\/fr\/wp-content\/uploads\/sites\/7\/mozo-verticalslider1.webp 900w, https:\/\/mozomozashop.com\/fr\/wp-content\/uploads\/sites\/7\/mozo-verticalslider1-300x247.webp 300w, https:\/\/mozomozashop.com\/fr\/wp-content\/uploads\/sites\/7\/mozo-verticalslider1-768x632.webp 768w, https:\/\/mozomozashop.com\/fr\/wp-content\/uploads\/sites\/7\/mozo-verticalslider1-600x494.webp 600w\" sizes=\"auto, (max-width: 900px) 100vw, 900px\" \/><\/figure>\n\n<\/div><\/div>\n\n<div class=\"gb-grid-column gb-grid-column-0c7cb3a2\"><div class=\"gb-container gb-container-0c7cb3a2\">\n\n<h2 class=\"gb-headline gb-headline-628e1b6a gb-headline-text\">NOUS SAVONS QUE NOUS NE SOMMES PAS ENCORE \u00c0 DESTINATION. MAIS CECI EST NOTRE PREMIER GRAND SAUT.<\/h2>\n\n\n\n<p class=\"gb-headline gb-headline-93e69fbb gb-headline-text\">Pas un petit pas, mais un vrai grand pas vers le changement. Vers des poussettes bien plus durables que ce que vous trouvez actuellement sur le march\u00e9. Vers des poussettes faites de mat\u00e9riaux naturels comme le bambou \u2013 enti\u00e8rement sans parties en plastique.<\/p>\n\n<\/div><\/div>\n<\/div>\n<\/div>\n<\/div>\n\n<div class=\"gb-container gb-container-d64dc7c4 alignfull\">\n<div class=\"gb-container gb-container-97b1e17c\">\n\n<h2 class=\"gb-headline gb-headline-caf6725e gb-headline-text\">C&rsquo;est pourquoi nous avons choisi le bambou<\/h2>\n\n\n<div class=\"gb-grid-wrapper gb-grid-wrapper-b8028123\">\n<div class=\"gb-grid-column gb-grid-column-6122ce6d\"><div class=\"gb-container gb-container-6122ce6d\">\n\n<p class=\"gb-headline gb-headline-67478445 gb-headline-text\">Le bambou prosp\u00e8re enti\u00e8rement sans engrais ni pesticides \u2013 la nature pure. Mais ne vous laissez pas tromper par son origine naturelle : Gr\u00e2ce \u00e0 sa structure fibreuse unique, le bambou est l&rsquo;un des mat\u00e9riaux les plus durs et les plus r\u00e9sistants de notre plan\u00e8te.<\/p>\n\n<\/div><\/div>\n<\/div>\n\n<div class=\"gb-grid-wrapper gb-grid-wrapper-ee63e314\">\n<div class=\"gb-grid-column gb-grid-column-4a8cc8ab\"><div class=\"gb-container gb-container-4a8cc8ab\">\n\n<figure class=\"gb-block-image gb-block-image-891f8bed\"><img loading=\"lazy\" decoding=\"async\" width=\"588\" height=\"588\" class=\"gb-image gb-image-891f8bed\" src=\"https:\/\/mozomozashop.com\/fr\/wp-content\/uploads\/sites\/7\/mozo-fastgrowing.avif\" alt=\"\" title=\"mozo-fastgrowing\" srcset=\"https:\/\/mozomozashop.com\/fr\/wp-content\/uploads\/sites\/7\/mozo-fastgrowing.avif 588w, https:\/\/mozomozashop.com\/fr\/wp-content\/uploads\/sites\/7\/mozo-fastgrowing-300x300.avif 300w, https:\/\/mozomozashop.com\/fr\/wp-content\/uploads\/sites\/7\/mozo-fastgrowing-150x150.avif 150w, https:\/\/mozomozashop.com\/fr\/wp-content\/uploads\/sites\/7\/mozo-fastgrowing-100x100.avif 100w\" sizes=\"auto, (max-width: 588px) 100vw, 588px\" \/><\/figure>\n\n\n\n<h3 class=\"gb-headline gb-headline-11570be7 gb-headline-text\">Croissance rapide<\/h3>\n\n\n\n<p class=\"gb-headline gb-headline-11b95d6e gb-headline-text\">Le bambou est un vrai miracle de la nature et la plante qui cro\u00eet le plus vite sur Terre. Il atteint des dimensions incroyables \u2013 jusqu&rsquo;\u00e0 un m\u00e8tre en une seule journ\u00e9e.<\/p>\n\n<\/div><\/div>\n\n<div class=\"gb-grid-column gb-grid-column-42849f8e\"><div class=\"gb-container gb-container-42849f8e\">\n\n<figure class=\"gb-block-image gb-block-image-5196088d\"><img loading=\"lazy\" decoding=\"async\" width=\"588\" height=\"588\" class=\"gb-image gb-image-5196088d\" src=\"https:\/\/mozomozashop.com\/fr\/wp-content\/uploads\/sites\/7\/mozo-vanaf-de-wortel.avif\" alt=\"\" title=\"mozo-vanaf-de-wortel\" srcset=\"https:\/\/mozomozashop.com\/fr\/wp-content\/uploads\/sites\/7\/mozo-vanaf-de-wortel.avif 588w, https:\/\/mozomozashop.com\/fr\/wp-content\/uploads\/sites\/7\/mozo-vanaf-de-wortel-300x300.avif 300w, https:\/\/mozomozashop.com\/fr\/wp-content\/uploads\/sites\/7\/mozo-vanaf-de-wortel-150x150.avif 150w, https:\/\/mozomozashop.com\/fr\/wp-content\/uploads\/sites\/7\/mozo-vanaf-de-wortel-100x100.avif 100w\" sizes=\"auto, (max-width: 588px) 100vw, 588px\" \/><\/figure>\n\n\n\n<h3 class=\"gb-headline gb-headline-00f2eef1 gb-headline-text\">\u00c0 partir de la racine<\/h3>\n\n\n\n<p class=\"gb-headline gb-headline-7c56faac gb-headline-text\">Puisque le bambou est botaniquement une herbe, il repousse directement depuis la racine apr\u00e8s la r\u00e9colte. Le replantage est superflu \u2013 la nature se r\u00e9g\u00e9n\u00e8re ici enti\u00e8rement par elle-m\u00eame.<\/p>\n\n<\/div><\/div>\n\n<div class=\"gb-grid-column gb-grid-column-5dadcfcd\"><div class=\"gb-container gb-container-5dadcfcd\">\n\n<figure class=\"gb-block-image gb-block-image-7bb8feb3\"><img loading=\"lazy\" decoding=\"async\" width=\"588\" height=\"588\" class=\"gb-image gb-image-7bb8feb3\" src=\"https:\/\/mozomozashop.com\/fr\/wp-content\/uploads\/sites\/7\/mozo-co2-opname.avif\" alt=\"\" title=\"mozo-co2-opname\" srcset=\"https:\/\/mozomozashop.com\/fr\/wp-content\/uploads\/sites\/7\/mozo-co2-opname.avif 588w, https:\/\/mozomozashop.com\/fr\/wp-content\/uploads\/sites\/7\/mozo-co2-opname-300x300.avif 300w, https:\/\/mozomozashop.com\/fr\/wp-content\/uploads\/sites\/7\/mozo-co2-opname-150x150.avif 150w, https:\/\/mozomozashop.com\/fr\/wp-content\/uploads\/sites\/7\/mozo-co2-opname-100x100.avif 100w\" sizes=\"auto, (max-width: 588px) 100vw, 588px\" \/><\/figure>\n\n\n\n<h3 class=\"gb-headline gb-headline-ef66c7f1 gb-headline-text\">Protection climatique active<\/h3>\n\n\n\n<p class=\"gb-headline gb-headline-11f75ffd gb-headline-text\">Un vrai atout pour notre environnement : Le bambou capture significativement plus de CO2 que les arbres et contribue ainsi de mani\u00e8re d\u00e9cisive \u00e0 la lutte contre le changement climatique.<\/p>\n\n<\/div><\/div>\n<\/div>\n<\/div>\n<\/div>\n\n<div class=\"gb-container gb-container-1a215098 alignfull\">\n<div class=\"gb-container gb-container-f8351dff\">\n<div class=\"gb-grid-wrapper gb-grid-wrapper-da79be5c\">\n<div class=\"gb-grid-column gb-grid-column-f5328ea5\"><div class=\"gb-container gb-container-f5328ea5\">\n\n<h2 class=\"gb-headline gb-headline-14bc53cf gb-headline-text\">NOTRE TISSU ? \u00c0 100 % RECYCL\u00c9 !<\/h2>\n\n\n\n<p class=\"gb-headline gb-headline-5a639a02 gb-headline-text\">Contrairement \u00e0 toutes les autres poussettes, nous renoncons enti\u00e8rement aux rivets. Bien s\u00fbr, ils tiennent tout tr\u00e8s solidement ensemble \u2013 mais si quelque chose doit \u00eatre r\u00e9par\u00e9 ou recycl\u00e9 ? Tough luck, le truc ne peut plus \u00eatre d\u00e9sassembl\u00e9. Nous optisons \u00e0 la place pour des vis et des \u00e9crous tout \u00e0 fait normaux. Ainsi, vous pouvez tr\u00e8s facilement d\u00e9montage la poussette si n\u00e9cessaire \u2013 parfait pour les r\u00e9parations ou plus tard pour le recyclage.<\/p>\n\n<\/div><\/div>\n\n<div class=\"gb-grid-column gb-grid-column-068f78f6\"><div class=\"gb-container gb-container-068f78f6\">\n\n<figure class=\"gb-block-image gb-block-image-8d7656d4\"><img loading=\"lazy\" decoding=\"async\" width=\"714\" height=\"971\" class=\"gb-image gb-image-8d7656d4\" src=\"https:\/\/mozomozashop.com\/fr\/wp-content\/uploads\/sites\/7\/mozomoza-nachhaltigkeit.avif\" alt=\"\" title=\"mozomoza-nachhaltigkeit\" srcset=\"https:\/\/mozomozashop.com\/fr\/wp-content\/uploads\/sites\/7\/mozomoza-nachhaltigkeit.avif 714w, https:\/\/mozomozashop.com\/fr\/wp-content\/uploads\/sites\/7\/mozomoza-nachhaltigkeit-221x300.avif 221w, https:\/\/mozomozashop.com\/fr\/wp-content\/uploads\/sites\/7\/mozomoza-nachhaltigkeit-600x816.avif 600w\" sizes=\"auto, (max-width: 714px) 100vw, 714px\" \/><\/figure>\n\n<\/div><\/div>\n<\/div>\n<\/div>\n<\/div>\n\n<div class=\"gb-container gb-container-dfed064a alignfull\">\n<div class=\"gb-container gb-container-a5451272\">\n\n<h2 class=\"gb-headline gb-headline-9d8a3b30 gb-headline-text\">Devenez partie d&rsquo;une communaut\u00e9 mondiale<\/h2>\n\n\n\n<figure class=\"wp-block-gallery has-nested-images columns-4 wp-block-gallery-1 is-layout-flex wp-block-gallery-is-layout-flex\">\n<figure class=\"wp-block-image size-large\"><img loading=\"lazy\" decoding=\"async\" width=\"502\" height=\"900\" data-id=\"702\" src=\"https:\/\/mozomozashop.com\/fr\/wp-content\/uploads\/sites\/7\/mozomoza-dirk.avif\" alt=\"\" class=\"wp-image-702\" srcset=\"https:\/\/mozomozashop.com\/fr\/wp-content\/uploads\/sites\/7\/mozomoza-dirk.avif 502w, https:\/\/mozomozashop.com\/fr\/wp-content\/uploads\/sites\/7\/mozomoza-dirk-167x300.avif 167w\" sizes=\"auto, (max-width: 502px) 100vw, 502px\" \/><\/figure>\n\n\n\n<figure class=\"wp-block-image size-large\"><img loading=\"lazy\" decoding=\"async\" width=\"502\" height=\"900\" data-id=\"707\" src=\"https:\/\/mozomozashop.com\/fr\/wp-content\/uploads\/sites\/7\/mozomoza-amsterdam.avif\" alt=\"\" class=\"wp-image-707\" srcset=\"https:\/\/mozomozashop.com\/fr\/wp-content\/uploads\/sites\/7\/mozomoza-amsterdam.avif 502w, https:\/\/mozomozashop.com\/fr\/wp-content\/uploads\/sites\/7\/mozomoza-amsterdam-167x300.avif 167w\" sizes=\"auto, (max-width: 502px) 100vw, 502px\" \/><\/figure>\n\n\n\n<figure class=\"wp-block-image size-large\"><img loading=\"lazy\" decoding=\"async\" width=\"502\" height=\"900\" data-id=\"703\" src=\"https:\/\/mozomozashop.com\/fr\/wp-content\/uploads\/sites\/7\/mozomoza-chris.avif\" alt=\"\" class=\"wp-image-703\" srcset=\"https:\/\/mozomozashop.com\/fr\/wp-content\/uploads\/sites\/7\/mozomoza-chris.avif 502w, https:\/\/mozomozashop.com\/fr\/wp-content\/uploads\/sites\/7\/mozomoza-chris-167x300.avif 167w\" sizes=\"auto, (max-width: 502px) 100vw, 502px\" \/><\/figure>\n\n\n\n<figure class=\"wp-block-image size-large\"><img loading=\"lazy\" decoding=\"async\" width=\"680\" height=\"800\" data-id=\"705\" src=\"https:\/\/mozomozashop.com\/fr\/wp-content\/uploads\/sites\/7\/mozomoza-mia.avif\" alt=\"\" class=\"wp-image-705\" srcset=\"https:\/\/mozomozashop.com\/fr\/wp-content\/uploads\/sites\/7\/mozomoza-mia.avif 680w, https:\/\/mozomozashop.com\/fr\/wp-content\/uploads\/sites\/7\/mozomoza-mia-255x300.avif 255w, https:\/\/mozomozashop.com\/fr\/wp-content\/uploads\/sites\/7\/mozomoza-mia-600x706.avif 600w\" sizes=\"auto, (max-width: 680px) 100vw, 680px\" \/><\/figure>\n<\/figure>\n\n<\/div>\n<\/div>\n\n\n<p><\/p>\n","protected":false},"excerpt":{"rendered":"<p>C&rsquo;est pourquoi nous avons choisi le bambou Devenez partie d&rsquo;une communaut\u00e9 mondiale<\/p>\n","protected":false},"author":1,"featured_media":0,"parent":0,"menu_order":0,"comment_status":"closed","ping_status":"closed","template":"","meta":{"_acf_changed":false,"footnotes":""},"class_list":["post-803","page","type-page","status-publish"],"acf":[],"_links":{"self":[{"href":"https:\/\/mozomozashop.com\/fr\/wp-json\/wp\/v2\/pages\/803","targetHints":{"allow":["GET"]}}],"collection":[{"href":"https:\/\/mozomozashop.com\/fr\/wp-json\/wp\/v2\/pages"}],"about":[{"href":"https:\/\/mozomozashop.com\/fr\/wp-json\/wp\/v2\/types\/page"}],"author":[{"embeddable":true,"href":"https:\/\/mozomozashop.com\/fr\/wp-json\/wp\/v2\/users\/1"}],"replies":[{"embeddable":true,"href":"https:\/\/mozomozashop.com\/fr\/wp-json\/wp\/v2\/comments?post=803"}],"version-history":[{"count":2,"href":"https:\/\/mozomozashop.com\/fr\/wp-json\/wp\/v2\/pages\/803\/revisions"}],"predecessor-version":[{"id":871,"href":"https:\/\/mozomozashop.com\/fr\/wp-json\/wp\/v2\/pages\/803\/revisions\/871"}],"wp:attachment":[{"href":"https:\/\/mozomozashop.com\/fr\/wp-json\/wp\/v2\/media?parent=803"}],"curies":[{"name":"wp","href":"https:\/\/api.w.org\/{rel}","templated":true}]}}