{"id":8,"date":"2024-02-10T23:27:39","date_gmt":"2024-02-10T22:27:39","guid":{"rendered":"https:\/\/mozomozashop.com\/fr\/?page_id=8"},"modified":"2026-02-03T00:43:16","modified_gmt":"2026-02-02T23:43:16","slug":"home","status":"publish","type":"page","link":"https:\/\/mozomozashop.com\/fr\/","title":{"rendered":"Home"},"content":{"rendered":"<div class=\"gb-container gb-container-67acf1d0 alignfull\">\n<div class=\"gb-container gb-container-73d2e88a\">\n\n<h1 class=\"gb-headline gb-headline-4890e058 gb-headline-text\">Mozomoza Panda<\/h1>\n\n<\/div>\n<\/div>\n\n<div class=\"gb-container gb-container-f282d22a alignfull\">\n<div class=\"gb-container gb-container-24f36fe6\">\n<div class=\"gb-grid-wrapper gb-grid-wrapper-70a8c9d0\">\n<div class=\"gb-grid-column gb-grid-column-8e85d4d8\"><div class=\"gb-container gb-container-8e85d4d8\">\n\n<h2 class=\"gb-headline gb-headline-f9a0c75d gb-headline-text animated fadeInUp\">THAT\u2019S HOW WE STROLL<\/h2>\n\n\n\n<p class=\"gb-headline gb-headline-c92d06f2 gb-headline-text animated fadeInUp\">Notre choix est d\u00e9finitif : Nous marchons vers un meilleure avenir. Pour vous et vos enfants. Avec une poussette en bambou pur, radicalement sans plastique. Le statement pour un art de vivre plein de design, de qualit\u00e9 et d&rsquo;une vraie durabilit\u00e9.<\/p>\n\n<\/div><\/div>\n\n<div class=\"gb-grid-column gb-grid-column-0217ffea\"><div class=\"gb-container gb-container-0217ffea\">\n\n<figure class=\"gb-block-image gb-block-image-5dbe6b1c\"><img loading=\"lazy\" decoding=\"async\" width=\"1044\" height=\"1086\" class=\"gb-image gb-image-5dbe6b1c animated fadeIn\" src=\"https:\/\/mozomozashop.com\/fr\/wp-content\/uploads\/sites\/7\/panda-hero.avif\" alt=\"\" title=\"panda-hero\" srcset=\"https:\/\/mozomozashop.com\/fr\/wp-content\/uploads\/sites\/7\/panda-hero.avif 1044w, https:\/\/mozomozashop.com\/fr\/wp-content\/uploads\/sites\/7\/panda-hero-288x300.avif 288w, https:\/\/mozomozashop.com\/fr\/wp-content\/uploads\/sites\/7\/panda-hero-984x1024.avif 984w, https:\/\/mozomozashop.com\/fr\/wp-content\/uploads\/sites\/7\/panda-hero-768x799.avif 768w, https:\/\/mozomozashop.com\/fr\/wp-content\/uploads\/sites\/7\/panda-hero-600x624.avif 600w\" sizes=\"auto, (max-width: 1044px) 100vw, 1044px\" \/><\/figure>\n\n<\/div><\/div>\n<\/div>\n<\/div>\n<\/div>\n\n<div class=\"gb-container gb-container-4e8bf14e alignfull\">\n<div class=\"gb-container gb-container-3e8a00a1\">\n<div class=\"gb-grid-wrapper gb-grid-wrapper-9458f8a5\">\n<div class=\"gb-grid-column gb-grid-column-5315b345\"><div class=\"gb-container gb-container-5315b345\">\n\n<figure class=\"gb-block-image gb-block-image-6a6407fa\"><img loading=\"lazy\" decoding=\"async\" width=\"1044\" height=\"1086\" class=\"gb-image gb-image-6a6407fa animated fadeIn slower\" src=\"https:\/\/mozomozashop.com\/fr\/wp-content\/uploads\/sites\/7\/mozomoza-panda-kaufen.avif\" alt=\"\" title=\"mozomoza-panda-kaufen\" srcset=\"https:\/\/mozomozashop.com\/fr\/wp-content\/uploads\/sites\/7\/mozomoza-panda-kaufen.avif 1044w, https:\/\/mozomozashop.com\/fr\/wp-content\/uploads\/sites\/7\/mozomoza-panda-kaufen-288x300.avif 288w, https:\/\/mozomozashop.com\/fr\/wp-content\/uploads\/sites\/7\/mozomoza-panda-kaufen-984x1024.avif 984w, https:\/\/mozomozashop.com\/fr\/wp-content\/uploads\/sites\/7\/mozomoza-panda-kaufen-768x799.avif 768w, https:\/\/mozomozashop.com\/fr\/wp-content\/uploads\/sites\/7\/mozomoza-panda-kaufen-600x624.avif 600w\" sizes=\"auto, (max-width: 1044px) 100vw, 1044px\" \/><\/figure>\n\n<\/div><\/div>\n\n<div class=\"gb-grid-column gb-grid-column-3c844410\"><div class=\"gb-container gb-container-3c844410\">\n\n<h2 class=\"gb-headline gb-headline-ed9df6f9 gb-headline-text animated fadeIn slower\">Ainsi roule l&rsquo;avenir<\/h2>\n\n\n\n<p class=\"gb-headline gb-headline-6e3d5429 gb-headline-text animated fadeIn slower\">D\u00e9couvrez le Mozomoza Panda : La premi\u00e8re poussette du monde qui allie un design haut de gamme \u00e0 la puissance du bambou. 100 % sans plastique, modulaire et douce sur tout type de surface. Une maison sur roues pour votre b\u00e9b\u00e9. Et une promesse claire pour demain.<\/p>\n\n\n\n<a class=\"gb-button gb-button-d2beea81 gb-button-text animated fadeIn slower\" href=\"https:\/\/mozomozashop.com\/fr\/mozomoza-panda\/\">Montrez-moi le Panda<\/a>\n\n<\/div><\/div>\n<\/div>\n<\/div>\n<\/div>","protected":false},"excerpt":{"rendered":"<p>Mozomoza Panda<\/p>\n","protected":false},"author":1,"featured_media":0,"parent":0,"menu_order":0,"comment_status":"closed","ping_status":"closed","template":"","meta":{"_acf_changed":false,"footnotes":""},"class_list":["post-8","page","type-page","status-publish"],"acf":[],"_links":{"self":[{"href":"https:\/\/mozomozashop.com\/fr\/wp-json\/wp\/v2\/pages\/8","targetHints":{"allow":["GET"]}}],"collection":[{"href":"https:\/\/mozomozashop.com\/fr\/wp-json\/wp\/v2\/pages"}],"about":[{"href":"https:\/\/mozomozashop.com\/fr\/wp-json\/wp\/v2\/types\/page"}],"author":[{"embeddable":true,"href":"https:\/\/mozomozashop.com\/fr\/wp-json\/wp\/v2\/users\/1"}],"replies":[{"embeddable":true,"href":"https:\/\/mozomozashop.com\/fr\/wp-json\/wp\/v2\/comments?post=8"}],"version-history":[{"count":2,"href":"https:\/\/mozomozashop.com\/fr\/wp-json\/wp\/v2\/pages\/8\/revisions"}],"predecessor-version":[{"id":867,"href":"https:\/\/mozomozashop.com\/fr\/wp-json\/wp\/v2\/pages\/8\/revisions\/867"}],"wp:attachment":[{"href":"https:\/\/mozomozashop.com\/fr\/wp-json\/wp\/v2\/media?parent=8"}],"curies":[{"name":"wp","href":"https:\/\/api.w.org\/{rel}","templated":true}]}}