{"id":777,"date":"2025-12-17T20:01:02","date_gmt":"2025-12-17T19:01:02","guid":{"rendered":"https:\/\/mozomozashop.com\/fr\/?page_id=777"},"modified":"2026-02-03T01:11:53","modified_gmt":"2026-02-03T00:11:53","slug":"datenschutzerklaerung","status":"publish","type":"page","link":"https:\/\/mozomozashop.com\/fr\/datenschutzerklaerung\/","title":{"rendered":"POLITIQUE DE CONFIDENTIALIT\u00c9"},"content":{"rendered":"<div class=\"gb-container gb-container-75d27e1f\">\n<div class=\"gb-container gb-container-6a173f9b\">\n\n<h1 class=\"wp-block-heading\">POLITIQUE DE CONFIDENTIALIT\u00c9<\/h1>\n\n\n\n<p>Mise \u00e0 jour : 21.03.2025<\/p>\n\n\n\n<h2 class=\"wp-block-heading\">1. RESPONSABLE<\/h2>\n\n\n\n<p>Le responsable du traitement des donn\u00e9es sur ce site web au sens du R\u00e8glement g\u00e9n\u00e9ral sur la protection des donn\u00e9es (RGPD) est :<\/p>\n\n\n\n<p>KSH Vertriebs GbR<br>Gartenstra\u00dfe 1<br>77731 Willst\u00e4tt<br>Allemagne<\/p>\n\n\n\n<p>Contact :<br>T\u00e9l\u00e9phone : +49 234 9020328<br>E-mail : hi@mozomozashop.com\/fr<br>Site web : https:\/\/mozomozashop.com\/fr<\/p>\n\n\n\n<h2 class=\"wp-block-heading\">2. D\u00c9L\u00c9GU\u00c9 \u00c0 LA PROTECTION DES DONN\u00c9ES<\/h2>\n\n\n\n<p>La d\u00e9signation d&rsquo;un d\u00e9l\u00e9gu\u00e9 \u00e0 la protection des donn\u00e9es n&rsquo;est pas n\u00e9cessaire pour nous, car moins de 20 personnes sont concern\u00e9es par le traitement automatis\u00e9 de donn\u00e9es personnelles dans notre entreprise.<\/p>\n\n\n\n<h2 class=\"wp-block-heading\">3. COLLECTE ET STOCKAGE DES DONN\u00c9ES PERSONNELLES AINSI QUE LEUR NATURE ET FINALIT\u00c9<\/h2>\n\n\n\n<h3 class=\"wp-block-heading\">a) Lors de la visite du site web<\/h3>\n\n\n\n<p>Lorsque vous consultez notre site web, des informations sont automatiquement envoy\u00e9es au serveur de notre site web par le navigateur utilis\u00e9 sur votre appareil. Ces informations sont temporairement stock\u00e9es dans un fichier journal dit \u00ab log file \u00bb. Les informations suivantes sont collect\u00e9es sans votre intervention et stock\u00e9es jusqu&rsquo;\u00e0 leur suppression automatique :<\/p>\n\n\n\n<ul class=\"wp-block-list\">\n<li>Adresse IP de l&rsquo;ordinateur demandeur<\/li>\n\n\n\n<li>Date et heure de l&rsquo;acc\u00e8s<\/li>\n\n\n\n<li>Nom et URL du fichier r\u00e9cup\u00e9r\u00e9<\/li>\n\n\n\n<li>Site web d&rsquo;o\u00f9 l&rsquo;acc\u00e8s provient (URL de r\u00e9f\u00e9rence)<\/li>\n\n\n\n<li>Navigateur utilis\u00e9 et, le cas \u00e9ch\u00e9ant, le syst\u00e8me d&rsquo;exploitation de votre ordinateur ainsi que le nom de votre fournisseur d&rsquo;acc\u00e8s<\/li>\n<\/ul>\n\n\n\n<p>Les donn\u00e9es mentionn\u00e9es sont trait\u00e9es par nos soins pour les finalit\u00e9s suivantes :<\/p>\n\n\n\n<ul class=\"wp-block-list\">\n<li>Garantir une connexion fluide au site web<\/li>\n\n\n\n<li>Garantir une utilisation confortable de notre site web<\/li>\n\n\n\n<li>\u00c9valuation de la s\u00e9curit\u00e9 et de la stabilit\u00e9 du syst\u00e8me<\/li>\n\n\n\n<li>Autres finalit\u00e9s administratives<\/li>\n<\/ul>\n\n\n\n<p>La base juridique du traitement des donn\u00e9es est l&rsquo;art. 6 al. 1 lit. f du RGPD. Notre int\u00e9r\u00eat l\u00e9gitime d\u00e9coule des finalit\u00e9s de collecte de donn\u00e9es \u00e9num\u00e9r\u00e9es ci-dessus. Dans aucun cas, nous n&rsquo;utilisons les donn\u00e9es collect\u00e9es pour tirer des conclusions sur votre personne.<\/p>\n\n\n\n<h3 class=\"wp-block-heading\">b) Lors de l&rsquo;utilisation de notre formulaire de contact<\/h3>\n\n\n\n<p>Pour toute question de nature diverse, nous vous offrons la possibilit\u00e9 de nous contacter via un formulaire mis \u00e0 disposition sur le site web. Il est n\u00e9cessaire de fournir une adresse e-mail valide pour que nous sachions de qui provient la demande et pour pouvoir y r\u00e9pondre. D&rsquo;autres informations peuvent \u00eatre fournies volontairement.<\/p>\n\n\n\n<p>Le traitement des donn\u00e9es \u00e0 fin de prise de contact avec nous est effectu\u00e9 conform\u00e9ment \u00e0 l&rsquo;art. 6 al. 1 lit. a du RGPD sur la base de votre consentement volontairement donn\u00e9.<\/p>\n\n\n\n<p>Les donn\u00e9es personnelles collect\u00e9es par nos soins pour l&rsquo;utilisation du formulaire de contact seront automatiquement supprim\u00e9es apr\u00e8s le traitement de votre demande.<\/p>\n\n\n\n<h3 class=\"wp-block-heading\">c) Lors de l&rsquo;inscription \u00e0 notre newsletter<\/h3>\n\n\n\n<p>Dans la mesure o\u00f9 vous avez donn\u00e9 votre consentement expr\u00e8s conform\u00e9ment \u00e0 l&rsquo;art. 6 al. 1 lit. a du RGPD, nous utilisons votre adresse e-mail pour vous envoyer r\u00e9guli\u00e8rement notre newsletter. Pour recevoir la newsletter, il suffit de fournir une adresse e-mail.<\/p>\n\n\n\n<p>La d\u00e9sinscription est possible \u00e0 tout moment, par exemple via un lien \u00e0 la fin de chaque newsletter. Par ailleurs, vous pouvez \u00e9galement envoyer votre demande de d\u00e9sinscription \u00e0 tout moment par e-mail \u00e0 hello@mozomozashop.de.<\/p>\n\n\n\n<h3 class=\"wp-block-heading\">d) Lors des commandes dans la boutique en ligne<\/h3>\n\n\n\n<p>Si vous souhaitez passer une commande dans notre boutique en ligne, il est n\u00e9cessaire pour la conclusion du contrat que vous fournissiez vos donn\u00e9es personnelles dont nous avons besoin pour le traitement de votre commande. Les informations obligatoires n\u00e9cessaires au traitement des contrats sont particuli\u00e8rement marqu\u00e9es, les autres informations sont volontaires. Nous traitons les donn\u00e9es que vous avez fournies pour le traitement de votre commande. \u00c0 cet effet, nous pouvons transmettre vos donn\u00e9es de paiement \u00e0 notre banque principale. La base juridique est l&rsquo;art. 6 al. 1 lit. b du RGPD.<\/p>\n\n\n\n<p>Nous pouvons \u00e9galement traiter les donn\u00e9es que vous avez fournies pour vous informer de nouveaux produits int\u00e9ressants de notre portefeuille ou vous envoyer des e-mails contenant des informations techniques.<\/p>\n\n\n\n<p>En raison de dispositions commerciales et fiscales, nous sommes oblig\u00e9s de stocker vos donn\u00e9es d&rsquo;adresse, de paiement et de commande pendant une dur\u00e9e de dix ans. Apr\u00e8s deux ans \u00e0 compter de la fin du contrat, nous proc\u00e9dons cependant \u00e0 une limitation du traitement, c&rsquo;est-\u00e0-dire que vos donn\u00e9es ne seront utilis\u00e9es que pour le respect des obligations l\u00e9gales.<\/p>\n\n\n\n<p>Pour pr\u00e9venir tout acc\u00e8s non autoris\u00e9 de tiers \u00e0 vos donn\u00e9es personnelles, en particulier aux donn\u00e9es financi\u00e8res, le processus de commande est chiffr\u00e9 par la technologie TLS.<\/p>\n\n\n\n<h2 class=\"wp-block-heading\">4. COMMUNICATION DE DONN\u00c9ES<\/h2>\n\n\n\n<p>Aucune communication de vos donn\u00e9es personnelles \u00e0 des tiers \u00e0 des fins autres que celles \u00e9num\u00e9r\u00e9es ci-apr\u00e8s n&rsquo;a lieu.<\/p>\n\n\n\n<p>Nous ne communiquons vos donn\u00e9es personnelles \u00e0 des tiers que lorsque :<\/p>\n\n\n\n<ul class=\"wp-block-list\">\n<li>Vous avez donn\u00e9 votre consentement expr\u00e8s conform\u00e9ment \u00e0 l&rsquo;art. 6 al. 1 lit. a du RGPD,<\/li>\n\n\n\n<li>La communication est n\u00e9cessaire conform\u00e9ment \u00e0 l&rsquo;art. 6 al. 1 lit. f du RGPD pour l&rsquo;exercice, la mise en \u0153uvre ou la d\u00e9fense de droits et qu&rsquo;il n&rsquo;y a pas de raison de supposer que vous avez un int\u00e9r\u00eat pr\u00e9pond\u00e9rant \u00e0 la non-communication de vos donn\u00e9es,<\/li>\n\n\n\n<li>Dans le cas o\u00f9 une obligation l\u00e9gale de communication existe conform\u00e9ment \u00e0 l&rsquo;art. 6 al. 1 lit. c du RGPD, ainsi que<\/li>\n\n\n\n<li>Ceci est l\u00e9galement autoris\u00e9 et n\u00e9cessaire conform\u00e9ment \u00e0 l&rsquo;art. 6 al. 1 lit. b du RGPD pour le traitement de relations contractuelles avec vous.<\/li>\n<\/ul>\n\n\n\n<h2 class=\"wp-block-heading\">5. COOKIES<\/h2>\n\n\n\n<p>Nous utilisons des cookies sur notre site. Il s&rsquo;agit de petits fichiers que votre navigateur cr\u00e9e automatiquement et qui sont stock\u00e9s sur votre appareil (ordinateur portable, tablette, smartphone, etc.) lorsque vous visitez notre site. Les cookies ne causent aucun dommage \u00e0 votre appareil, ne contiennent pas de virus, de chevaux de Troie ou d&rsquo;autres logiciels malveillants.<\/p>\n\n\n\n<p>Des informations sont stock\u00e9es dans le cookie qui sont li\u00e9es \u00e0 l&rsquo;appareil sp\u00e9cifiquement utilis\u00e9 \u00e0 chaque fois. Cela ne signifie cependant pas que nous en deduisons directement votre identit\u00e9.<\/p>\n\n\n\n<p>L&rsquo;utilisation de cookies sert d&rsquo;une part \u00e0 rendre l&rsquo;utilisation de notre offre plus agr\u00e9able pour vous. C&rsquo;est ainsi que nous utilisons des cookies de session pour reconna\u00eetre que vous avez d\u00e9j\u00e0 visit\u00e9 certaines pages de notre site web. Ces cookies sont automatiquement supprim\u00e9s apr\u00e8s que vous ayez quitt\u00e9 notre site.<\/p>\n\n\n\n<p>En plus de cela, nous utilisons \u00e9galement des cookies temporaires pour optimiser la convivialit\u00e9, qui sont stock\u00e9s sur votre appareil pendant une p\u00e9riode fix\u00e9e \u00e0 l&rsquo;avance. Si vous visitez \u00e0 nouveau notre site pour utiliser nos services, il sera automatiquement reconnu que vous \u00eates d\u00e9j\u00e0 venu chez nous et quelles saisies et param\u00e8tres vous avez effectu\u00e9s, pour ne pas avoir \u00e0 les saisir \u00e0 nouveau.<\/p>\n\n\n\n<p>Les donn\u00e9es trait\u00e9es par les cookies sont n\u00e9cessaires pour les finalit\u00e9s mentionn\u00e9es afin de pr\u00e9server nos int\u00e9r\u00eats l\u00e9gitimes ainsi que ceux de tiers conform\u00e9ment \u00e0 l&rsquo;art. 6 al. 1 lit. f du RGPD.<\/p>\n\n\n\n<p>La plupart des navigateurs acceptent les cookies automatiquement. Vous pouvez cependant configurer votre navigateur de mani\u00e8re \u00e0 ce qu&rsquo;aucun cookie ne soit stock\u00e9 sur votre ordinateur ou qu&rsquo;une notification apparaisse syst\u00e9matiquement avant la cr\u00e9ation d&rsquo;un nouveau cookie. La d\u00e9sactivation compl\u00e8te des cookies peut cependant entra\u00eener le fait que vous ne puissiez pas utiliser toutes les fonctionnalit\u00e9s de notre site web.<\/p>\n\n\n\n<h2 class=\"wp-block-heading\">6. OUTILS D&rsquo;ANALYSE<\/h2>\n\n\n\n<h3 class=\"wp-block-heading\">a) Outils de suivi<\/h3>\n\n\n\n<p>Les mesures de suivi suivantes utilis\u00e9es par nos soins sont effectu\u00e9es sur la base de l&rsquo;art. 6 al. 1 lit. f du RGPD. Par les mesures de suivi utilis\u00e9es, nous souhaitons assurer une conception adapt\u00e9e aux besoins et une optimisation continue de notre site web. D&rsquo;ailleurs, nous utilisons les mesures de suivi pour enregistrer statistiquement l&rsquo;utilisation de notre site web et pour l&rsquo;\u00e9valuer \u00e0 des fins d&rsquo;optimisation de notre offre pour vous. Ces int\u00e9r\u00eats sont consid\u00e9r\u00e9s comme l\u00e9gitimes au sens de la disposition susmentionn\u00e9e.<\/p>\n\n\n\n<p>Les finalit\u00e9s respectives du traitement des donn\u00e9es et les cat\u00e9gories de donn\u00e9es sont \u00e0 consulter dans les outils de suivi respectifs.<\/p>\n\n\n\n<h3 class=\"wp-block-heading\">b) Google Analytics<\/h3>\n\n\n\n<p>Nous utilisons Google Analytics sur notre site web, un service d&rsquo;analyse web de Google Ireland Limited, Gordon House, Barrow Street, Dublin 4, Irlande (\u00ab Google \u00bb). Google Analytics utilise des \u00ab cookies \u00bb, des fichiers texte stock\u00e9s sur votre ordinateur qui permettent d&rsquo;analyser la fa\u00e7on dont vous utilisez le site web. Les informations g\u00e9n\u00e9r\u00e9es par le cookie concernant votre utilisation de ce site web sont en g\u00e9n\u00e9ral transmises \u00e0 un serveur de Google aux \u00c9tats-Unis et y sont stock\u00e9es. Nous avons activ\u00e9 l&rsquo;anonymisation de l&rsquo;adresse IP, de sorte que votre adresse IP est raccourcie par Google \u00e0 l&rsquo;int\u00e9rieur des \u00c9tats membres de l&rsquo;Union europ\u00e9enne ou dans d&rsquo;autres \u00c9tats parties \u00e0 l&rsquo;accord sur l&rsquo;Espace \u00e9conomique europ\u00e9en avant d&rsquo;\u00eatre envoy\u00e9e. Ce n&rsquo;est que dans des cas exceptionnels que l&rsquo;adresse IP compl\u00e8te est transmise \u00e0 un serveur de Google aux \u00c9tats-Unis et y est raccourcie.<\/p>\n\n\n\n<p>En notre nom, Google utilisera ces informations pour \u00e9valuer votre utilisation du site web, pour compiler des rapports sur les activit\u00e9s du site web et pour fournir d&rsquo;autres services li\u00e9s \u00e0 l&rsquo;utilisation du site web et \u00e0 l&rsquo;utilisation d&rsquo;Internet \u00e0 notre intention. L&rsquo;adresse IP transmise par votre navigateur dans le cadre de Google Analytics ne sera pas combin\u00e9e avec d&rsquo;autres donn\u00e9es de Google.<\/p>\n\n\n\n<p>Vous pouvez emp\u00eacher le stockage des cookies par un param\u00e8tre appropri\u00e9 de votre logiciel de navigateur ; nous vous attirons cependant l&rsquo;attention sur le fait que vous ne pourrez dans ce cas peut-\u00eatre pas utiliser toutes les fonctionnalit\u00e9s de ce site web dans leur int\u00e9gralit\u00e9. De plus, vous pouvez emp\u00eacher la collecte par Google des donn\u00e9es g\u00e9n\u00e9r\u00e9es par le cookie et relatives \u00e0 votre utilisation du site web (y compris votre adresse IP) ainsi que le traitement de ces donn\u00e9es par Google en t\u00e9l\u00e9chargeant et installant le plugin de navigateur disponible sous le lien suivant : http:\/\/tools.google.com\/dlpage\/gaoptout?hl=fr.<\/p>\n\n\n\n<p>Nous utilisons Google Analytics pour pouvoir analyser l&rsquo;utilisation de notre site web et l&rsquo;am\u00e9liorer r\u00e9guli\u00e8rement. \u00c0 l&rsquo;aide des statistiques obtenues, nous pouvons am\u00e9liorer notre offre et la rendre plus int\u00e9ressante pour vous en tant qu&rsquo;utilisateur. Pour les cas exceptionnels o\u00f9 des donn\u00e9es personnelles sont transmises aux \u00c9tats-Unis, Google s&rsquo;est soumis au bouclier vie priv\u00e9e UE-\u00c9tats-Unis, https:\/\/www.privacyshield.gov\/EU-US-Framework. La base juridique pour l&rsquo;utilisation de Google Analytics est l&rsquo;art. 6 al. 1 lit. f du RGPD.<\/p>\n\n\n\n<p>Informations du fournisseur tiers : Google Dublin, Google Ireland Ltd., Gordon House, Barrow Street, Dublin 4, Ireland, Fax : +353 (1) 436 1001. Conditions d&rsquo;utilisation : http:\/\/www.google.com\/analytics\/terms\/fr.html, Aper\u00e7u de la protection des donn\u00e9es : http:\/\/www.google.com\/intl\/fr\/analytics\/learn\/privacy.html, ainsi que la politique de confidentialit\u00e9 : http:\/\/www.google.fr\/intl\/fr\/policies\/privacy.<\/p>\n\n\n\n<h2 class=\"wp-block-heading\">7. PLUGINS DES R\u00c9SEAUX SOCIAUX<\/h2>\n\n\n\n<p>Nous utilisons sur notre site web des plugins sociaux des r\u00e9seaux sociaux Facebook, Twitter et Instagram sur la base de l&rsquo;art. 6 al. 1 lit. f du RGPD, afin de faire conna\u00eetre notre entreprise par ce biais. La finalit\u00e9 publicitaire sous-jacente est \u00e0 consid\u00e9rer comme un int\u00e9r\u00eat l\u00e9gitime au sens du RGPD. La responsabilit\u00e9 du bon fonctionnement respectueux de la protection des donn\u00e9es incombe \u00e0 chacun de leurs fournisseurs respectifs. L&rsquo;int\u00e9gration de ces plugins par nos soins se fait par la m\u00e9thode dite \u00ab double clic \u00bb afin de prot\u00e9ger au mieux les visiteurs de notre site web.<\/p>\n\n\n\n<h2 class=\"wp-block-heading\">8. DROITS DES PERSONNES CONCERN\u00c9ES<\/h2>\n\n\n\n<p>Vous avez le droit :<\/p>\n\n\n\n<ul class=\"wp-block-list\">\n<li>conform\u00e9ment \u00e0 l&rsquo;art. 15 du RGPD, de demander des informations sur vos donn\u00e9es personnelles trait\u00e9es par nos soins. En particulier, vous pouvez demander des informations sur les finalit\u00e9s du traitement, la cat\u00e9gorie des donn\u00e9es personnelles, les cat\u00e9gories de destinataires auxquels vos donn\u00e9es ont \u00e9t\u00e9 ou seront communiqu\u00e9es, la dur\u00e9e de stockage pr\u00e9vue, l&rsquo;existence d&rsquo;un droit \u00e0 la rectification, \u00e0 l&rsquo;effacement, \u00e0 la limitation du traitement ou \u00e0 l&rsquo;opposition, l&rsquo;existence d&rsquo;un droit de r\u00e9clamation, l&rsquo;origine de vos donn\u00e9es si celles-ci n&rsquo;ont pas \u00e9t\u00e9 collect\u00e9es par nos soins, ainsi que l&rsquo;existence d&rsquo;un processus de d\u00e9cision automatis\u00e9 y compris le profilage et, le cas \u00e9ch\u00e9ant, des informations significatives \u00e0 ce sujet ;<\/li>\n\n\n\n<li>conform\u00e9ment \u00e0 l&rsquo;art. 16 du RGPD, de demander imm\u00e9diatement la rectification de vos donn\u00e9es personnelles incorrectes ou le compl\u00e9ment de vos donn\u00e9es personnelles stock\u00e9es chez nous ;<\/li>\n\n\n\n<li>conform\u00e9ment \u00e0 l&rsquo;art. 17 du RGPD, de demander l&rsquo;effacement de vos donn\u00e9es personnelles stock\u00e9es chez nous, \u00e0 condition que le traitement ne soit pas n\u00e9cessaire \u00e0 l&rsquo;exercice du droit \u00e0 la libert\u00e9 d&rsquo;expression et d&rsquo;information, \u00e0 l&rsquo;ex\u00e9cution d&rsquo;une obligation l\u00e9gale, pour des raisons d&rsquo;int\u00e9r\u00eat public ou \u00e0 fins de l&rsquo;exercice, de la mise en \u0153uvre ou de la d\u00e9fense de droits ;<\/li>\n\n\n\n<li>conform\u00e9ment \u00e0 l&rsquo;art. 18 du RGPD, de demander la limitation du traitement de vos donn\u00e9es personnelles, dans la mesure o\u00f9 l&rsquo;exactitude des donn\u00e9es est contest\u00e9e par vous, o\u00f9 le traitement est illicite mais o\u00f9 vous vous opposez \u00e0 leur effacement et o\u00f9 nous ne les avons plus besoin, mais o\u00f9 vous en avez besoin pour l&rsquo;exercice, la mise en \u0153uvre ou la d\u00e9fense de droits, ou o\u00f9 vous avez fait opposition au traitement conform\u00e9ment \u00e0 l&rsquo;art. 21 du RGPD ;<\/li>\n\n\n\n<li>conform\u00e9ment \u00e0 l&rsquo;art. 20 du RGPD, de recevoir vos donn\u00e9es personnelles que vous nous avez fournies sous un format structur\u00e9, courant et lisible par une machine, ou de demander leur transmission \u00e0 un autre responsable ;<\/li>\n\n\n\n<li>conform\u00e9ment \u00e0 l&rsquo;art. 7 al. 3 du RGPD, de retirer \u00e0 tout moment votre consentement d\u00e9j\u00e0 donn\u00e9 envers nous. Cela a pour cons\u00e9quence que nous n&rsquo;avons plus le droit de poursuivre \u00e0 l&rsquo;avenir le traitement des donn\u00e9es bas\u00e9 sur ce consentement, et<\/li>\n\n\n\n<li>conform\u00e9ment \u00e0 l&rsquo;art. 77 du RGPD, de d\u00e9poser une plainte aupr\u00e8s d&rsquo;une autorit\u00e9 de supervision. En g\u00e9n\u00e9ral, vous pouvez \u00e0 cette fin vous adresser \u00e0 l&rsquo;autorit\u00e9 de supervision de votre lieu de r\u00e9sidence habituel ou de votre lieu de travail ou de notre si\u00e8ge social. En France, cette autorit\u00e9 est la\u00a0<strong>Commission nationale de l&rsquo;informatique et des libert\u00e9s (CNIL)<\/strong>.<\/li>\n<\/ul>\n\n\n\n<h2 class=\"wp-block-heading\">9. DROIT D&rsquo;OPPOSITION<\/h2>\n\n\n\n<p>Dans la mesure o\u00f9 vos donn\u00e9es personnelles sont trait\u00e9es sur la base d&rsquo;int\u00e9r\u00eats l\u00e9gitimes conform\u00e9ment \u00e0 l&rsquo;art. 6 al. 1 lit. f du RGPD, vous avez le droit de vous opposer au traitement de vos donn\u00e9es personnelles conform\u00e9ment \u00e0 l&rsquo;art. 21 du RGPD, dans la mesure o\u00f9 il y a des raisons qui d\u00e9coulent de votre situation particuli\u00e8re ou que l&rsquo;opposition est dirig\u00e9e contre la prospection directe. Dans ce dernier cas, vous avez un droit d&rsquo;opposition g\u00e9n\u00e9ral qui sera mis en \u0153uvre par nos soins sans indiquer une situation particuli\u00e8re.<\/p>\n\n\n\n<p>Si vous souhaitez faire usage de votre droit de retrait ou d&rsquo;opposition, un e-mail \u00e0 hi@mozomozashop.com\/fr suffira.<\/p>\n\n\n\n<h2 class=\"wp-block-heading\">10. S\u00c9CURIT\u00c9 DES DONN\u00c9ES<\/h2>\n\n\n\n<p>Nous utilisons la proc\u00e9dure SSL (Secure Socket Layer) largement utilis\u00e9e lors de la visite du site web, en combinaison avec le niveau de chiffrement le plus \u00e9lev\u00e9 support\u00e9 par votre navigateur. Il s&rsquo;agit g\u00e9n\u00e9ralement d&rsquo;un chiffrement \u00e0 256 bits. Si votre navigateur ne prend en charge pas le chiffrement \u00e0 256 bits, nous utilisons \u00e0 la place la technologie 128 bits v3. Vous pouvez reconna\u00eetre si une page individuelle de notre site Internet est transmise de mani\u00e8re chiffr\u00e9e \u00e0 l&rsquo;affichage ferm\u00e9 du symbole cl\u00e9 ou de serrure dans la barre d&rsquo;\u00e9tat inf\u00e9rieure de votre navigateur.<\/p>\n\n\n\n<p>Par ailleurs, nous recourons \u00e0 des mesures de s\u00e9curit\u00e9 techniques et organisationnelles appropri\u00e9es pour prot\u00e9ger vos donn\u00e9es contre les manipulations accidentelles ou intentionnelles, la perte partielle ou totale, la destruction ou contre l&rsquo;acc\u00e8s non autoris\u00e9 de tiers. Nos mesures de s\u00e9curit\u00e9 sont continuellement am\u00e9lior\u00e9es en fonction du d\u00e9veloppement technologique.<\/p>\n\n\n\n<h2 class=\"wp-block-heading\">11. ACTUALIT\u00c9 ET MODIFICATION DE CETTE POLITIQUE DE CONFIDENTIALIT\u00c9<\/h2>\n\n\n\n<p>Cette politique de confidentialit\u00e9 est actuellement valable et a la date de mars 2025.<\/p>\n\n\n\n<p>Par le d\u00e9veloppement ult\u00e9rieur de notre site web et des offres y figurant ou en raison de dispositions l\u00e9gales ou r\u00e9glementaires modifi\u00e9es, il peut \u00eatre n\u00e9cessaire de modifier cette politique de confidentialit\u00e9. La politique de confidentialit\u00e9 actuelle peut \u00eatre consult\u00e9e et imprim\u00e9e \u00e0 tout moment sur le site web sous https:\/\/mozomozashop.com\/fr\/politique-de-confidentialite\/.<\/p>\n\n\n\n<h2 class=\"wp-block-heading\">12. INFORMATIONS PARTICULI\u00c8RES POUR LES CLIENTS R\u00c9SIDANT EN ALLEMAGNE<\/h2>\n\n\n\n<h3 class=\"wp-block-heading\">V\u00e9rification de solvabilit\u00e9<\/h3>\n\n\n\n<p>Dans la mesure o\u00f9 nous effectuons des paiements par avance, par exemple lors d&rsquo;un achat \u00e0 cr\u00e9dit, nous nous r\u00e9servons le droit d&rsquo;obtenir des informations sur votre solvabilit\u00e9 sur la base de proc\u00e9dures math\u00e9matiques et statistiques. L&rsquo;information de solvabilit\u00e9 peut contenir des valeurs de probabilit\u00e9 (scores) calcul\u00e9es sur la base de proc\u00e9dures math\u00e9matiques et statistiques scientifiquement reconnues et dans le calcul desquelles figurent notamment des donn\u00e9es d&rsquo;adresse. Vos int\u00e9r\u00eats dignes de protection sont pris en compte conform\u00e9ment aux dispositions l\u00e9gales.<\/p>\n\n\n\n<h2 class=\"wp-block-heading\">13. DISPOSITIONS PARTICULI\u00c8RES POUR LES FEMMES ENCEINTES ET LES PARENTS DE NOUVEAU-N\u00c9S<\/h2>\n\n\n\n<p>Nous accordons une importance particuli\u00e8re \u00e0 la protection des donn\u00e9es des personnes enceintes et des parents de nouveau-n\u00e9s. C&rsquo;est pourquoi nous prenons des mesures suppl\u00e9mentaires :<\/p>\n\n\n\n<ul class=\"wp-block-list\">\n<li>Lors de l&rsquo;inscription \u00e0 des newsletters ou programmes sp\u00e9ciaux pour les femmes enceintes et les parents, les donn\u00e9es sont particuli\u00e8rement prot\u00e9g\u00e9es et n&rsquo;utilis\u00e9es que pour la finalit\u00e9 indiqu\u00e9e.<\/li>\n\n\n\n<li>Les informations concernant la grossesse, les dates d&rsquo;accouchement ou les d\u00e9tails concernant votre enfant sont trait\u00e9es avec le plus grand soin et ne sont pas communiqu\u00e9es \u00e0 des tiers, sauf si vous avez donn\u00e9 votre consentement expr\u00e8s.<\/li>\n\n\n\n<li>Pour nos adh\u00e9sions au Baby Club et programmes similaires, des dispositions particuli\u00e8res en mati\u00e8re de protection des donn\u00e9es sont applicables, qui vous seront communiqu\u00e9es s\u00e9par\u00e9ment lors de l&rsquo;inscription.<\/li>\n\n\n\n<li>Les photos ou autres contenus concernant des enfants ne sont trait\u00e9s que avec le consentement expr\u00e8s des personnes ayant la responsabilit\u00e9 parentale.<\/li>\n<\/ul>\n\n\n\n<h2 class=\"wp-block-heading\">14. RESPONSABLE DE LA PROTECTION DES DONN\u00c9ES<\/h2>\n\n\n\n<p>Pour toute question concernant la collecte, le traitement ou l&rsquo;utilisation de vos donn\u00e9es personnelles, pour des informations, la rectification, le blocage ou l&rsquo;effacement de donn\u00e9es ainsi que le retrait de consentements d\u00e9j\u00e0 donn\u00e9s, veuillez contacter :<\/p>\n\n\n\n<p>Heiko Schneider<br>Kleyer Stra\u00dfe 12<br>44892 Bochum<br>Allemagne<br>0234 \u2013 9020328<br>h.schneider@adbites.de<\/p>\n\n<\/div>\n<\/div>","protected":false},"excerpt":{"rendered":"<p>POLITIQUE DE CONFIDENTIALIT\u00c9 Mise \u00e0 jour : 21.03.2025 1. RESPONSABLE Le responsable du traitement des donn\u00e9es sur ce site web au sens du R\u00e8glement g\u00e9n\u00e9ral sur la protection des donn\u00e9es (RGPD) est : KSH Vertriebs GbRGartenstra\u00dfe 177731 Willst\u00e4ttAllemagne Contact :T\u00e9l\u00e9phone : +49 234 9020328E-mail : hi@mozomozashop.com\/frSite web : https:\/\/mozomozashop.com\/fr 2. D\u00c9L\u00c9GU\u00c9 \u00c0 LA PROTECTION DES &#8230; <a title=\"POLITIQUE DE CONFIDENTIALIT\u00c9\" class=\"read-more\" href=\"https:\/\/mozomozashop.com\/fr\/datenschutzerklaerung\/\" aria-label=\"Read more about POLITIQUE DE CONFIDENTIALIT\u00c9\">Read more<\/a><\/p>\n","protected":false},"author":1,"featured_media":0,"parent":0,"menu_order":0,"comment_status":"closed","ping_status":"closed","template":"","meta":{"_acf_changed":false,"footnotes":""},"class_list":["post-777","page","type-page","status-publish"],"acf":[],"_links":{"self":[{"href":"https:\/\/mozomozashop.com\/fr\/wp-json\/wp\/v2\/pages\/777","targetHints":{"allow":["GET"]}}],"collection":[{"href":"https:\/\/mozomozashop.com\/fr\/wp-json\/wp\/v2\/pages"}],"about":[{"href":"https:\/\/mozomozashop.com\/fr\/wp-json\/wp\/v2\/types\/page"}],"author":[{"embeddable":true,"href":"https:\/\/mozomozashop.com\/fr\/wp-json\/wp\/v2\/users\/1"}],"replies":[{"embeddable":true,"href":"https:\/\/mozomozashop.com\/fr\/wp-json\/wp\/v2\/comments?post=777"}],"version-history":[{"count":3,"href":"https:\/\/mozomozashop.com\/fr\/wp-json\/wp\/v2\/pages\/777\/revisions"}],"predecessor-version":[{"id":881,"href":"https:\/\/mozomozashop.com\/fr\/wp-json\/wp\/v2\/pages\/777\/revisions\/881"}],"wp:attachment":[{"href":"https:\/\/mozomozashop.com\/fr\/wp-json\/wp\/v2\/media?parent=777"}],"curies":[{"name":"wp","href":"https:\/\/api.w.org\/{rel}","templated":true}]}}