{"id":774,"date":"2025-12-17T19:54:40","date_gmt":"2025-12-17T18:54:40","guid":{"rendered":"https:\/\/mozomozashop.com\/fr\/?page_id=774"},"modified":"2026-02-03T01:05:56","modified_gmt":"2026-02-03T00:05:56","slug":"widerrufsbelehrung","status":"publish","type":"page","link":"https:\/\/mozomozashop.com\/fr\/widerrufsbelehrung\/","title":{"rendered":"DROIT DE R\u00c9TRACTATION"},"content":{"rendered":"<div class=\"gb-container gb-container-75d27e1f\">\n<div class=\"gb-container gb-container-6a173f9b\">\n\n<h2 class=\"wp-block-heading\">DROIT DE R\u00c9TRACTATION<\/h2>\n\n\n\n<p>Vous avez le droit de vous r\u00e9tracter de votre contrat dans un d\u00e9lai de 14 jours sans avoir \u00e0 donner de raison. Le d\u00e9lai de r\u00e9tractation est de 14 jours \u00e0 compter du jour o\u00f9 vous ou un tiers d\u00e9sign\u00e9 par vous, qui n&rsquo;est pas le transporteur, prend possession des marchandises. Pour exercer votre droit de r\u00e9tractation, vous devez nous contacter<\/p>\n\n\n\n<p>KSH Vertriebs GbR<br>Gartenstra\u00dfe 1<br>77731 Willst\u00e4tt<br>Allemagne<\/p>\n\n\n\n<p>par means d&rsquo;une d\u00e9claration claire (par exemple, une lettre envoy\u00e9e par courrier, un t\u00e9l\u00e9fax ou un e-mail) concernant votre d\u00e9cision de vous r\u00e9tracter de ce contrat. Vous pouvez utiliser le formulaire de r\u00e9tractation mod\u00e8le ci-joint, mais cela n&rsquo;est pas obligatoire.<\/p>\n\n\n\n<p>Pour respecter le d\u00e9lai de r\u00e9tractation, il suffit que vous envoyez la communication concernant l&rsquo;exercice de votre droit de r\u00e9tractation avant la fin du d\u00e9lai de r\u00e9tractation.<\/p>\n\n\n\n<h2 class=\"wp-block-heading\">CONS\u00c9QUENCES DE LA R\u00c9TRACTATION<\/h2>\n\n\n\n<p>Si vous vous retirez de ce contrat, nous vous rembourserons tous les paiements que nous avons re\u00e7us de vous, y compris les frais de livraison (\u00e0 l&rsquo;exception des co\u00fbts suppl\u00e9mentaires qui r\u00e9sultent de votre choix d&rsquo;un mode de livraison diff\u00e9rent de celui que nous avons offert comme option standard la moins ch\u00e8re), sans d\u00e9lai et au plus tard dans les 14 jours \u00e0 compter du jour o\u00f9 nous avons re\u00e7u la communication de votre r\u00e9tractation de ce contrat. Pour ce remboursement, nous utiliserons le m\u00eame moyen de paiement que celui que vous avez utilis\u00e9 pour la transaction d&rsquo;origine, sauf convention explicite contraire avec vous ; dans tous les cas, aucun frais ne sera pr\u00e9lev\u00e9 sur vous pour ce remboursement.<\/p>\n\n\n\n<p>Nous pouvons refuser le remboursement jusqu&rsquo;\u00e0 ce que nous ayons re\u00e7u les marchandises en retour, ou jusqu&rsquo;\u00e0 ce que vous ayez fourni la preuve que vous avez renvoy\u00e9 les marchandises, selon le cas le plus pr\u00e9coce. Vous devez nous renvoyer ou remettre les marchandises sans d\u00e9lai, et dans tous les cas au plus tard dans les 14 jours \u00e0 compter du jour o\u00f9 vous nous informez de votre r\u00e9tractation de ce contrat.<\/p>\n\n\n\n<p>Le d\u00e9lai est respect\u00e9 si vous envoyez les marchandises avant la fin du d\u00e9lai de 14 jours. Vous supportez les co\u00fbts directs de retour des marchandises. Vous ne serez responsable de toute diminution de valeur des marchandises que si cette diminution de valeur est due \u00e0 un traitement non n\u00e9cessaire pour v\u00e9rifier la nature, les caract\u00e9ristiques et le fonctionnement des marchandises.<\/p>\n\n\n\n<h2 class=\"wp-block-heading\">FORMULAIRE DE R\u00c9TRACTATION MOD\u00c8LE<\/h2>\n\n\n\n<p>\u00c0<br>KSH Vertriebs GbR<br>Gartenstra\u00dfe 1<br>77731 Willst\u00e4tt<br>Allemagne<br>E-mail: hello@goternx.de<\/p>\n\n\n\n<p>Par le pr\u00e9sent, je me\/nous (*) r\u00e9tractons du contrat relatif \u00e0 l&rsquo;achat des marchandises suivantes (*) \/ \u00e0 la prestation du service suivant (*)<\/p>\n\n\n\n<p>Command\u00e9 le (*) \/ re\u00e7u le (*)<br>Nom du\/des consommateur(s)<br>Adresse du\/des consommateur(s)<br>Signature du\/des consommateur(s) (uniquement en cas de communication sur papier)<br>Date<\/p>\n\n\n\n<p><em>(*) Rayer ce qui ne s&rsquo;applique pas.<\/em><\/p>\n\n<\/div>\n<\/div>","protected":false},"excerpt":{"rendered":"<p>DROIT DE R\u00c9TRACTATION Vous avez le droit de vous r\u00e9tracter de votre contrat dans un d\u00e9lai de 14 jours sans avoir \u00e0 donner de raison. Le d\u00e9lai de r\u00e9tractation est de 14 jours \u00e0 compter du jour o\u00f9 vous ou un tiers d\u00e9sign\u00e9 par vous, qui n&rsquo;est pas le transporteur, prend possession des marchandises. Pour &#8230; <a title=\"DROIT DE R\u00c9TRACTATION\" class=\"read-more\" href=\"https:\/\/mozomozashop.com\/fr\/widerrufsbelehrung\/\" aria-label=\"Read more about DROIT DE R\u00c9TRACTATION\">Read more<\/a><\/p>\n","protected":false},"author":1,"featured_media":0,"parent":0,"menu_order":0,"comment_status":"closed","ping_status":"closed","template":"","meta":{"_acf_changed":false,"footnotes":""},"class_list":["post-774","page","type-page","status-publish"],"acf":[],"_links":{"self":[{"href":"https:\/\/mozomozashop.com\/fr\/wp-json\/wp\/v2\/pages\/774","targetHints":{"allow":["GET"]}}],"collection":[{"href":"https:\/\/mozomozashop.com\/fr\/wp-json\/wp\/v2\/pages"}],"about":[{"href":"https:\/\/mozomozashop.com\/fr\/wp-json\/wp\/v2\/types\/page"}],"author":[{"embeddable":true,"href":"https:\/\/mozomozashop.com\/fr\/wp-json\/wp\/v2\/users\/1"}],"replies":[{"embeddable":true,"href":"https:\/\/mozomozashop.com\/fr\/wp-json\/wp\/v2\/comments?post=774"}],"version-history":[{"count":2,"href":"https:\/\/mozomozashop.com\/fr\/wp-json\/wp\/v2\/pages\/774\/revisions"}],"predecessor-version":[{"id":877,"href":"https:\/\/mozomozashop.com\/fr\/wp-json\/wp\/v2\/pages\/774\/revisions\/877"}],"wp:attachment":[{"href":"https:\/\/mozomozashop.com\/fr\/wp-json\/wp\/v2\/media?parent=774"}],"curies":[{"name":"wp","href":"https:\/\/api.w.org\/{rel}","templated":true}]}}