{"id":725,"date":"2025-12-15T17:35:53","date_gmt":"2025-12-15T16:35:53","guid":{"rendered":"https:\/\/mozomozashop.com\/fr\/?page_id=725"},"modified":"2026-02-03T01:08:49","modified_gmt":"2026-02-03T00:08:49","slug":"impressum","status":"publish","type":"page","link":"https:\/\/mozomozashop.com\/fr\/impressum\/","title":{"rendered":"MENTIONS L\u00c9GALES"},"content":{"rendered":"<div class=\"gb-container gb-container-75d27e1f\">\n<div class=\"gb-container gb-container-6a173f9b\">\n\n<h2 class=\"wp-block-heading\">MENTIONS L\u00c9GALES<\/h2>\n\n\n\n<p>Mozomoza est une marque d\u00e9pos\u00e9e de Mozomoza B.V. Pays-Bas. KSH Vertrieb GbR est distributeur autoris\u00e9 pour les r\u00e9gions Allemagne, Autriche, Suisse, France, Belgique, Pays-Bas et Luxembourg.<\/p>\n\n\n\n<h2 class=\"wp-block-heading\">COORDONN\u00c9ES DE L&rsquo;ENTREPRISE<\/h2>\n\n\n\n<p>Distributeur officiel Mozomoza pour l&rsquo;Allemagne, l&rsquo;Autriche, la Suisse, la France et le Benelux<\/p>\n\n\n\n<p>KSH Vertrieb GbR<br>Gartenstra\u00dfe 1<br>77731 Willst\u00e4tt<br>Allemagne<\/p>\n\n\n\n<p>N\u00b0 de TVA : DE453182221<\/p>\n\n\n\n<h2 class=\"wp-block-heading\">REPR\u00c9SENT\u00c9 PAR :<\/h2>\n\n\n\n<p>Felix Kr\u00fcger, Heiko Schneider, Volker Hornbacher<\/p>\n\n\n\n<h2 class=\"wp-block-heading\">CONTACT :<\/h2>\n\n\n\n<p>T\u00e9l\u00e9phone : +49 234 9020328<br>E-mail : hello@mozomozashop.de<\/p>\n\n\n\n<h2 class=\"wp-block-heading\">RESPONSABLE DU CONTENU :<\/h2>\n\n\n\n<p>Heiko Schneider<br>KSH Vertrieb GbR<br>Gartenstra\u00dfe 1<br>77731 Willst\u00e4tt<br>Allemagne<\/p>\n\n\n\n<h2 class=\"wp-block-heading\">R\u00c9SOLUTION DES LITIGES<\/h2>\n\n\n\n<p>Nous ne sommes ni pr\u00eats ni oblig\u00e9s de participer \u00e0 des proc\u00e9dures de r\u00e9solution de litiges devant une commission de m\u00e9diation de la consommation.<\/p>\n\n\n\n<h2 class=\"wp-block-heading\">RESPONSABILIT\u00c9 POUR LE CONTENU<\/h2>\n\n\n\n<p>En tant que fournisseur de services, nous sommes responsables de notre propre contenu sur ces pages conform\u00e9ment \u00e0 la loi g\u00e9n\u00e9rale applicable. En tant que fournisseur de services, nous ne sommes cependant pas tenus de surveiller les informations tierces transmises ou stock\u00e9es, ni de rechercher des circonstances indiquant une activit\u00e9 illicite.<\/p>\n\n\n\n<p>Les obligations de suppression ou de blocage de l&rsquo;utilisation des informations conform\u00e9ment \u00e0 la loi g\u00e9n\u00e9rale applicable restent inchang\u00e9es. Une responsabilit\u00e9 \u00e0 cet \u00e9gard n&rsquo;est cependant possible qu&rsquo;\u00e0 partir du moment o\u00f9 nous en avons pris connaissance d&rsquo;une violation concr\u00e8te du droit. D\u00e8s que nous sommes inform\u00e9s de telles violations, nous supprimerons imm\u00e9diatement ce contenu.<\/p>\n\n\n\n<h2 class=\"wp-block-heading\">RESPONSABILIT\u00c9 POUR LES LIENS<\/h2>\n\n\n\n<p>Notre offre contient des liens vers des sites web externes de tiers sur le contenu desquels nous n&rsquo;avons aucune influence. En cons\u00e9quence, nous ne pouvons pas prendre de garantie pour ces contenus externes. Le contenu des pages li\u00e9es rel\u00e8ve \u00e0 tout moment de la responsabilit\u00e9 du fournisseur ou op\u00e9rateur respectif de ces pages. Les pages li\u00e9es ont \u00e9t\u00e9 v\u00e9rifi\u00e9es au moment du lien pour d&rsquo;\u00e9ventuelles violations de la loi. Au moment du lien, aucun contenu illicite n&rsquo;\u00e9tait discernable.<\/p>\n\n\n\n<p>Un contr\u00f4le permanent du contenu des pages li\u00e9es n&rsquo;est cependant pas possible sans indication concr\u00e8te d&rsquo;une violation du droit. D\u00e8s que nous sommes inform\u00e9s de violations de la loi, nous supprimerons imm\u00e9diatement ces liens.<\/p>\n\n\n\n<h2 class=\"wp-block-heading\">DROIT D&rsquo;AUTEUR<\/h2>\n\n\n\n<p>Le contenu et les \u0153uvres cr\u00e9\u00e9s par les op\u00e9rateurs du site sur ces pages sont soumis au droit d&rsquo;auteur allemand. La reproduction, la modification, la distribution et toute forme d&rsquo;exploitation au-del\u00e0 des limites du droit d&rsquo;auteur n\u00e9cessitent le consentement \u00e9crit de l&rsquo;auteur respectif. Les t\u00e9l\u00e9chargements et copies de cette page ne sont autoris\u00e9s que pour un usage personnel, non commercial.<\/p>\n\n\n\n<p>Dans la mesure o\u00f9 le contenu de cette page n&rsquo;a pas \u00e9t\u00e9 cr\u00e9\u00e9 par l&rsquo;op\u00e9rateur, les droits d&rsquo;auteur des tiers sont respect\u00e9s. En particulier, le contenu des tiers est identifi\u00e9 comme tel. Si vous devenez n\u00e9anmoins attentif \u00e0 une violation du droit d&rsquo;auteur, nous vous prions de nous le signaler. D\u00e8s que nous sommes inform\u00e9s de telles violations, nous supprimerons imm\u00e9diatement ce contenu.<\/p>\n\n\n\n<h2 class=\"wp-block-heading\">PROTECTION DES DONN\u00c9ES<\/h2>\n\n\n\n<p>Les informations relatives \u00e0 la protection des donn\u00e9es se trouvent dans notre politique de confidentialit\u00e9.<\/p>\n\n\n\n<h2 class=\"wp-block-heading\">R\u00c9SOLUTION EN LIGNE DES LITIGES SELON ART. 14 AL. 1 R\u00c8GLEMENT ODR<\/h2>\n\n\n\n<p>La Commission europ\u00e9enne met \u00e0 disposition une plateforme de r\u00e9solution en ligne des litiges (ROL) que vous pouvez trouver \u00e0&nbsp;<a href=\"https:\/\/ec.europa.eu\/consumers\/odr\/\" target=\"_blank\" rel=\"noreferrer noopener\">https:\/\/ec.europa.eu\/consumers\/odr\/<\/a>. Nous ne sommes ni pr\u00eats ni oblig\u00e9s de participer \u00e0 une proc\u00e9dure de r\u00e9solution de litiges devant une commission de m\u00e9diation de la consommation.<\/p>\n\n\n\n<h2 class=\"wp-block-heading\">R\u00c9SOLUTION ALTERNATIVE DES LITIGES<\/h2>\n\n\n\n<p>R\u00e9solution alternative des litiges selon art. 14 al. 1 r\u00e8glement ODR :<\/p>\n\n\n\n<p>Nous ne sommes ni oblig\u00e9s ni pr\u00eats \u00e0 participer \u00e0 une proc\u00e9dure de r\u00e9solution de litiges devant une commission de m\u00e9diation de la consommation.<\/p>\n\n\n\n<p><em>Alternative Dispute Resolution in accordance with Art. 14 (1) ODR Regulation:<\/em><br><em>We are not obliged or willing to participate in dispute resolution proceedings before a consumer arbitration board.<\/em><\/p>\n\n<\/div>\n<\/div>\n\n<div class=\"woocommerce woocommerce-gzd woocommerce-gzd-complaints-shortcode\">\n\t\t\t<h3>Alternative Dispute Resolution in accordance with Art. 14 (1) ODR-VO and \u00a7 36 VSBG:<\/h3>\n\t\nZur Teilnahme an einem Streitbeilegungsverfahren vor einer Verbraucherschlichtungsstelle sind wir nicht verpflichtet und nicht bereit.<\/div>","protected":false},"excerpt":{"rendered":"<p>MENTIONS L\u00c9GALES Mozomoza est une marque d\u00e9pos\u00e9e de Mozomoza B.V. Pays-Bas. KSH Vertrieb GbR est distributeur autoris\u00e9 pour les r\u00e9gions Allemagne, Autriche, Suisse, France, Belgique, Pays-Bas et Luxembourg. COORDONN\u00c9ES DE L&rsquo;ENTREPRISE Distributeur officiel Mozomoza pour l&rsquo;Allemagne, l&rsquo;Autriche, la Suisse, la France et le Benelux KSH Vertrieb GbRGartenstra\u00dfe 177731 Willst\u00e4ttAllemagne N\u00b0 de TVA : DE453182221 REPR\u00c9SENT\u00c9 &#8230; <a title=\"MENTIONS L\u00c9GALES\" class=\"read-more\" href=\"https:\/\/mozomozashop.com\/fr\/impressum\/\" aria-label=\"Read more about MENTIONS L\u00c9GALES\">Read more<\/a><\/p>\n","protected":false},"author":1,"featured_media":0,"parent":0,"menu_order":0,"comment_status":"closed","ping_status":"closed","template":"","meta":{"_acf_changed":false,"footnotes":""},"class_list":["post-725","page","type-page","status-publish"],"acf":[],"_links":{"self":[{"href":"https:\/\/mozomozashop.com\/fr\/wp-json\/wp\/v2\/pages\/725","targetHints":{"allow":["GET"]}}],"collection":[{"href":"https:\/\/mozomozashop.com\/fr\/wp-json\/wp\/v2\/pages"}],"about":[{"href":"https:\/\/mozomozashop.com\/fr\/wp-json\/wp\/v2\/types\/page"}],"author":[{"embeddable":true,"href":"https:\/\/mozomozashop.com\/fr\/wp-json\/wp\/v2\/users\/1"}],"replies":[{"embeddable":true,"href":"https:\/\/mozomozashop.com\/fr\/wp-json\/wp\/v2\/comments?post=725"}],"version-history":[{"count":3,"href":"https:\/\/mozomozashop.com\/fr\/wp-json\/wp\/v2\/pages\/725\/revisions"}],"predecessor-version":[{"id":880,"href":"https:\/\/mozomozashop.com\/fr\/wp-json\/wp\/v2\/pages\/725\/revisions\/880"}],"wp:attachment":[{"href":"https:\/\/mozomozashop.com\/fr\/wp-json\/wp\/v2\/media?parent=725"}],"curies":[{"name":"wp","href":"https:\/\/api.w.org\/{rel}","templated":true}]}}