{"id":616,"date":"2025-12-13T01:48:14","date_gmt":"2025-12-13T00:48:14","guid":{"rendered":"https:\/\/mozomozashop.com\/fr\/?page_id=616"},"modified":"2026-02-03T00:55:25","modified_gmt":"2026-02-02T23:55:25","slug":"mozomoza-panda","status":"publish","type":"page","link":"https:\/\/mozomozashop.com\/fr\/mozomoza-panda\/","title":{"rendered":"Mozomoza Panda"},"content":{"rendered":"<div class=\"gb-container gb-container-887590e6\">\n<div class=\"gb-container gb-container-9df48458\">\n<div class=\"gb-grid-wrapper gb-grid-wrapper-5ea250ef\">\n<div class=\"gb-grid-column gb-grid-column-dbb3c4bf\"><div class=\"gb-container gb-container-dbb3c4bf\">\n\n<figure class=\"gb-block-image gb-block-image-f36fe797\"><img loading=\"lazy\" decoding=\"async\" width=\"911\" height=\"911\" class=\"gb-image gb-image-f36fe797\" src=\"https:\/\/mozomozashop.com\/fr\/wp-content\/uploads\/sites\/7\/mozomoza-panda-kinderwagen.avif\" alt=\"\" title=\"mozomoza-panda-kinderwagen\" srcset=\"https:\/\/mozomozashop.com\/fr\/wp-content\/uploads\/sites\/7\/mozomoza-panda-kinderwagen.avif 911w, https:\/\/mozomozashop.com\/fr\/wp-content\/uploads\/sites\/7\/mozomoza-panda-kinderwagen-300x300.avif 300w, https:\/\/mozomozashop.com\/fr\/wp-content\/uploads\/sites\/7\/mozomoza-panda-kinderwagen-150x150.avif 150w, https:\/\/mozomozashop.com\/fr\/wp-content\/uploads\/sites\/7\/mozomoza-panda-kinderwagen-768x768.avif 768w, https:\/\/mozomozashop.com\/fr\/wp-content\/uploads\/sites\/7\/mozomoza-panda-kinderwagen-600x600.avif 600w, https:\/\/mozomozashop.com\/fr\/wp-content\/uploads\/sites\/7\/mozomoza-panda-kinderwagen-100x100.avif 100w\" sizes=\"auto, (max-width: 911px) 100vw, 911px\" \/><\/figure>\n\n<\/div><\/div>\n\n<div class=\"gb-grid-column gb-grid-column-2866b542\"><div class=\"gb-container gb-container-2866b542\">\n\n<h2 class=\"gb-headline gb-headline-5dd37964 gb-headline-text\">Mozomoza Panda: The Bamboo Stroller.<\/h2>\n\n\n\n<p class=\"gb-headline gb-headline-f62d1e70 gb-headline-text\">Un design haut de gamme rencontre une durabilit\u00e9 radicale. La premi\u00e8re poussette qui se passe enti\u00e8rement de plastique sans faire de concessions sur la s\u00e9curit\u00e9 et le confort. Un chassis robuste en bambou, des textiles naturels et une esth\u00e9tique qui dit : Vous prenez vos responsabilit\u00e9s.<\/p>\n\n\n\n<span class=\"gb-button gb-button-15c76bdd gb-button-text\">Durable<\/span>\n\n\n\n<span class=\"gb-button gb-button-6fd95b49 gb-button-text\">Robuste<\/span>\n\n\n\n<span class=\"gb-button gb-button-ff3cd980 gb-button-text\">Ultra l\u00e9ger<\/span>\n\n<\/div><\/div>\n<\/div>\n\n\n<h2 class=\"gb-headline gb-headline-3318c545 animated fadeInDown\"><span class=\"gb-icon\"><svg aria-hidden=\"true\" role=\"img\" height=\"1em\" width=\"1em\" viewBox=\"0 0 448 512\" xmlns=\"http:\/\/www.w3.org\/2000\/svg\"><path fill=\"currentColor\" d=\"M207.029 381.476L12.686 187.132c-9.373-9.373-9.373-24.569 0-33.941l22.667-22.667c9.357-9.357 24.522-9.375 33.901-.04L224 284.505l154.745-154.021c9.379-9.335 24.544-9.317 33.901.04l22.667 22.667c9.373 9.373 9.373 24.569 0 33.941L240.971 381.476c-9.373 9.372-24.569 9.372-33.942 0z\"><\/path><\/svg><\/span><\/h2>\n\n<\/div>\n<\/div>\n\n<div class=\"gb-container gb-container-86155e4e alignfull\">\n<div class=\"gb-container gb-container-bf04bad5\">\n<div class=\"gb-grid-wrapper gb-grid-wrapper-441c0cba\">\n<div class=\"gb-grid-column gb-grid-column-810e6b70\"><div class=\"gb-container gb-container-810e6b70\">\n<div class=\"gb-grid-wrapper gb-grid-wrapper-b12d783e\">\n<div class=\"gb-grid-column gb-grid-column-40f74cf3\"><div class=\"gb-container gb-container-40f74cf3\"><\/div><\/div>\n\n<div class=\"gb-grid-column gb-grid-column-c3b853f1\"><div class=\"gb-container gb-container-c3b853f1\">\n\n<h2 class=\"gb-headline gb-headline-9e61948b gb-headline-text\">MOZOMOZA PANDA<\/h2>\n\n\n\n<p class=\"gb-headline gb-headline-ea09a393 gb-headline-text\"><strong>\u20ac599.00<\/strong><\/p>\n\n\n\n<p class=\"gb-headline gb-headline-1e05ef51 gb-headline-text\">La premi\u00e8re poussette modulaire en bambou du monde. Con\u00e7ue pour un confort optimal, construite pour la nature. Inclus : cadre, si\u00e8ge et capote.<\/p>\n\n\n\n<a class=\"gb-button gb-button-28690706 gb-button-text custom-add-to-cart-link button\" href=\"#\" data-product-id=\"718\">Ajouter au panier<\/a>\n\n\n<div class=\"gb-container gb-container-31f492c7\">\n\n<span class=\"gb-button gb-button-7a0b6044\"><span class=\"gb-icon\"><svg xml:space=\"preserve\" style=\"enable-background:new 0 0 512 512;\" viewBox=\"0 0 512 512\" y=\"0px\" x=\"0px\" xmlns:xlink=\"http:\/\/www.w3.org\/1999\/xlink\" xmlns=\"http:\/\/www.w3.org\/2000\/svg\" id=\"fi_709790\" version=\"1.1\"> <g> \t<g> \t\t<path d=\"M386.689,304.403c-35.587,0-64.538,28.951-64.538,64.538s28.951,64.538,64.538,64.538 \t\t\tc35.593,0,64.538-28.951,64.538-64.538S422.276,304.403,386.689,304.403z M386.689,401.21c-17.796,0-32.269-14.473-32.269-32.269 \t\t\tc0-17.796,14.473-32.269,32.269-32.269c17.796,0,32.269,14.473,32.269,32.269C418.958,386.738,404.485,401.21,386.689,401.21z\"><\/path> \t<\/g> <\/g> <g> \t<g> \t\t<path d=\"M166.185,304.403c-35.587,0-64.538,28.951-64.538,64.538s28.951,64.538,64.538,64.538s64.538-28.951,64.538-64.538 \t\t\tS201.772,304.403,166.185,304.403z M166.185,401.21c-17.796,0-32.269-14.473-32.269-32.269c0-17.796,14.473-32.269,32.269-32.269 \t\t\tc17.791,0,32.269,14.473,32.269,32.269C198.454,386.738,183.981,401.21,166.185,401.21z\"><\/path> \t<\/g> <\/g> <g> \t<g> \t\t<path d=\"M430.15,119.675c-2.743-5.448-8.32-8.885-14.419-8.885h-84.975v32.269h75.025l43.934,87.384l28.838-14.5L430.15,119.675z\"><\/path> \t<\/g> <\/g> <g> \t<g> \t\t<rect height=\"32.269\" width=\"122.084\" y=\"353.345\" x=\"216.202\"><\/rect> \t<\/g> <\/g> <g> \t<g> \t\t<path d=\"M117.781,353.345H61.849c-8.912,0-16.134,7.223-16.134,16.134c0,8.912,7.223,16.134,16.134,16.134h55.933 \t\t\tc8.912,0,16.134-7.223,16.134-16.134C133.916,360.567,126.693,353.345,117.781,353.345z\"><\/path> \t<\/g> <\/g> <g> \t<g> \t\t<path d=\"M508.612,254.709l-31.736-40.874c-3.049-3.937-7.755-6.239-12.741-6.239H346.891V94.655 \t\t\tc0-8.912-7.223-16.134-16.134-16.134H61.849c-8.912,0-16.134,7.223-16.134,16.134s7.223,16.134,16.134,16.134h252.773v112.941 \t\t\tc0,8.912,7.223,16.134,16.134,16.134h125.478l23.497,30.268v83.211h-44.639c-8.912,0-16.134,7.223-16.134,16.134 \t\t\tc0,8.912,7.223,16.134,16.134,16.134h60.773c8.912,0,16.134-7.223,16.135-16.134V264.605 \t\t\tC512,261.023,510.806,257.538,508.612,254.709z\"><\/path> \t<\/g> <\/g> <g> \t<g> \t\t<path d=\"M116.706,271.597H42.487c-8.912,0-16.134,7.223-16.134,16.134c0,8.912,7.223,16.134,16.134,16.134h74.218 \t\t\tc8.912,0,16.134-7.223,16.134-16.134C132.84,278.82,125.617,271.597,116.706,271.597z\"><\/path> \t<\/g> <\/g> <g> \t<g> \t\t<path d=\"M153.815,208.134H16.134C7.223,208.134,0,215.357,0,224.269s7.223,16.134,16.134,16.134h137.681 \t\t\tc8.912,0,16.134-7.223,16.134-16.134S162.727,208.134,153.815,208.134z\"><\/path> \t<\/g> <\/g> <g> \t<g> \t\t<path d=\"M180.168,144.672H42.487c-8.912,0-16.134,7.223-16.134,16.134c0,8.912,7.223,16.134,16.134,16.134h137.681 \t\t\tc8.912,0,16.134-7.223,16.134-16.134C196.303,151.895,189.08,144.672,180.168,144.672z\"><\/path> \t<\/g> <\/g> <g> <\/g> <g> <\/g> <g> <\/g> <g> <\/g> <g> <\/g> <g> <\/g> <g> <\/g> <g> <\/g> <g> <\/g> <g> <\/g> <g> <\/g> <g> <\/g> <g> <\/g> <g> <\/g> <g> <\/g> <\/svg><\/span><span class=\"gb-button-text\">Livraison gratuite<\/span><\/span>\n\n\n\n<span class=\"gb-button gb-button-3c9300b8\"><span class=\"gb-icon\"><svg xmlns=\"http:\/\/www.w3.org\/2000\/svg\" width=\"512\" viewBox=\"0 0 512 512\" height=\"512\" id=\"fi_7494382\"><g><g><path d=\"m256 512c-25.464 0-49.405-9.917-67.411-27.923-12.339-12.339-28.746-19.135-46.198-19.135-52.567 0-95.333-42.767-95.333-95.334 0-17.451-6.796-33.857-19.136-46.197-37.17-37.171-37.17-97.651 0-134.822 12.34-12.34 19.136-28.746 19.136-46.197 0-52.567 42.767-95.334 95.333-95.334 17.452 0 33.858-6.796 46.198-19.135 18.006-18.006 41.947-27.923 67.411-27.923s49.405 9.917 67.411 27.923c12.339 12.339 28.746 19.135 46.198 19.135 52.567 0 95.333 42.767 95.333 95.334 0 17.451 6.796 33.857 19.136 46.197 37.17 37.171 37.17 97.651 0 134.822-12.34 12.34-19.136 28.746-19.136 46.197 0 52.567-42.767 95.334-95.333 95.334-17.452 0-33.858 6.796-46.198 19.135-18.006 18.006-41.947 27.923-67.411 27.923zm0-481.969c-16.73 0-33.461 6.368-46.198 19.104-18.005 18.006-41.946 27.922-67.411 27.922-36.025 0-65.333 29.309-65.333 65.334 0 25.464-9.917 49.404-27.923 67.41-25.473 25.474-25.473 66.923 0 92.396 18.006 18.006 27.922 41.946 27.922 67.41 0 36.025 29.308 65.334 65.333 65.334 25.465 0 49.406 9.916 67.411 27.922 25.474 25.473 66.922 25.473 92.396 0 18.005-18.006 41.946-27.922 67.411-27.922 36.025 0 65.333-29.309 65.333-65.334 0-25.464 9.917-49.404 27.923-67.41 25.473-25.474 25.473-66.923 0-92.396-18.006-18.006-27.922-41.946-27.922-67.41 0-36.025-29.308-65.334-65.333-65.334-25.465 0-49.406-9.916-67.411-27.922-12.737-12.736-29.468-19.104-46.198-19.104z\"><\/path><\/g><g><path d=\"m256 407c-83.262 0-151-67.738-151-151s67.738-151 151-151 151 67.738 151 151-67.738 151-151 151zm0-272c-66.72 0-121 54.28-121 121s54.28 121 121 121 121-54.28 121-121-54.28-121-121-121z\"><\/path><\/g><g><path d=\"m234.787 322.291-58.336-58.336 21.213-21.213 37.123 37.123 79.549-79.55 21.213 21.213z\"><\/path><\/g><\/g><\/svg><\/span><span class=\"gb-button-text\">2 ans de garantie<\/span><\/span>\n\n<\/div>\n<\/div><\/div>\n<\/div>\n<\/div><\/div>\n<\/div>\n<\/div>\n<\/div>\n\n<div class=\"gb-container gb-container-40aaada7 alignfull\">\n<div class=\"gb-container gb-container-90b546fd\">\n\n<h2 class=\"gb-headline gb-headline-6dc1bbdb gb-headline-text o-typing-delay-100ms\"><o-anim-typing>D\u00e9tails<\/o-anim-typing><\/h2>\n\n\n<div class=\"gb-grid-wrapper gb-grid-wrapper-d3162918\">\n<div class=\"gb-grid-column gb-grid-column-a7742853\"><div class=\"gb-container gb-container-a7742853\">\n\n<p class=\"gb-headline gb-headline-7f437680 gb-headline-text\"><strong>G\u00e9n\u00e9ral<\/strong><\/p>\n\n\n\n<figure class=\"wp-block-table is-style-regular has-small-font-size\"><table class=\"has-fixed-layout\"><tbody><tr><td>Poids<\/td><td class=\"has-text-align-right\" data-align=\"right\">8,4 kg<\/td><\/tr><tr><td>\u00c2ge recommand\u00e9<\/td><td class=\"has-text-align-right\" data-align=\"right\">0 \u00e0 4 ans<\/td><\/tr><\/tbody><\/table><\/figure>\n\n\n\n<p class=\"gb-headline gb-headline-4d944fc8 gb-headline-text\"><strong>Poids recommand\u00e9<\/strong><\/p>\n\n\n\n<figure class=\"wp-block-table has-small-font-size\"><table class=\"has-fixed-layout\"><tbody><tr><td>Pour le si\u00e8ge<\/td><td class=\"has-text-align-right\" data-align=\"right\">22 kg<\/td><\/tr><tr><td>Pour le nacelle<\/td><td class=\"has-text-align-right\" data-align=\"right\">2 kg<\/td><\/tr><\/tbody><\/table><\/figure>\n\n\n\n<p class=\"gb-headline gb-headline-b3ce8fca gb-headline-text\"><strong>Informations suppl\u00e9mentaires<\/strong><\/p>\n\n\n\n<figure class=\"wp-block-table has-small-font-size\"><table class=\"has-fixed-layout\"><tbody><tr><td>P\u00e9dale de frein facile \u00e0 activer avec la semelle du pied<\/td><td class=\"has-text-align-right\" data-align=\"right\">\u2713<\/td><\/tr><tr><td>Suspension sur tous les roues<\/td><td class=\"has-text-align-right\" data-align=\"right\">\u2713<\/td><\/tr><tr><td>Roulements \u00e0 billes dans tous les roues<\/td><td class=\"has-text-align-right\" data-align=\"right\">\u2713<\/td><\/tr><tr><td>Conforme \u00e0 la norme europ\u00e9enne<\/td><td class=\"has-text-align-right\" data-align=\"right\">EN1888-2<\/td><\/tr><tr><td>Garantie<\/td><td class=\"has-text-align-right\" data-align=\"right\">24 mois<\/td><\/tr><tr><td>Le si\u00e8ge a 3 positions, notamment une position allong\u00e9e<\/td><td class=\"has-text-align-right\" data-align=\"right\">\u2713<\/td><\/tr><\/tbody><\/table><\/figure>\n\n<\/div><\/div>\n\n<div class=\"gb-grid-column gb-grid-column-23f7c168\"><div class=\"gb-container gb-container-23f7c168\">\n\n<p class=\"gb-headline gb-headline-70d10166 gb-headline-text\"><strong>Dimensions<\/strong><\/p>\n\n\n\n<figure class=\"wp-block-table has-small-font-size\"><table class=\"has-fixed-layout\"><tbody><tr><td>Poign\u00e9e \u00e0 hauteur r\u00e9glable<\/td><td class=\"has-text-align-right\" data-align=\"right\">103 cm<\/td><\/tr><tr><td>Largeur<\/td><td class=\"has-text-align-right\" data-align=\"right\">43 cm<\/td><\/tr><tr><td>Longueur<\/td><td class=\"has-text-align-right\" data-align=\"right\">86 cm<\/td><\/tr><tr><td>Diam\u00e8tre des roues<\/td><td class=\"has-text-align-right\" data-align=\"right\">14 cm<\/td><\/tr><tr><td>Dossier<\/td><td class=\"has-text-align-right\" data-align=\"right\">62 cm<\/td><\/tr><tr><td>Largeur du si\u00e8ge<\/td><td class=\"has-text-align-right\" data-align=\"right\">33 cm<\/td><\/tr><tr><td>Assise jusqu&rsquo;\u00e0 la repose-pieds<\/td><td class=\"has-text-align-right\" data-align=\"right\">24 cm<\/td><\/tr><\/tbody><\/table><\/figure>\n\n\n\n<p class=\"gb-headline gb-headline-ab523dc8 gb-headline-text\"><strong>Dimensions en position repli\u00e9e<\/strong><\/p>\n\n\n\n<figure class=\"wp-block-table has-small-font-size\"><table class=\"has-fixed-layout\"><tbody><tr><td>Hauteur<\/td><td class=\"has-text-align-right\" data-align=\"right\">61,5 cm<\/td><\/tr><tr><td>Largeur<\/td><td class=\"has-text-align-right\" data-align=\"right\">43 cm<\/td><\/tr><tr><td>Longueur<\/td><td class=\"has-text-align-right\" data-align=\"right\">19 cm<\/td><\/tr><tr><td>Autoportant<\/td><td class=\"has-text-align-right\" data-align=\"right\">\u2713<\/td><\/tr><\/tbody><\/table><\/figure>\n\n\n\n<p class=\"gb-headline gb-headline-62c0b047 gb-headline-text\"><strong>Accessories<\/strong><\/p>\n\n\n\n<figure class=\"wp-block-table has-small-font-size\"><table class=\"has-fixed-layout\"><tbody><tr><td>Barre de s\u00e9curit\u00e9<\/td><td class=\"has-text-align-right\" data-align=\"right\">\u2713<\/td><\/tr><tr><td>Raincover<\/td><td class=\"has-text-align-right\" data-align=\"right\">\u2713<\/td><\/tr><\/tbody><\/table><\/figure>\n\n<\/div><\/div>\n<\/div>\n<\/div>\n<\/div>\n\n<div class=\"gb-container gb-container-1a215098 alignfull\">\n<div class=\"gb-container gb-container-f8351dff\">\n\n<h2 class=\"gb-headline gb-headline-14bc53cf gb-headline-text\">Choose Mozomoza<\/h2>\n\n\n\n<figure class=\"wp-block-gallery has-nested-images columns-4 wp-block-gallery-1 is-layout-flex wp-block-gallery-is-layout-flex\">\n<figure class=\"wp-block-image size-large\"><img loading=\"lazy\" decoding=\"async\" width=\"502\" height=\"900\" data-id=\"702\" src=\"https:\/\/mozomozashop.com\/fr\/wp-content\/uploads\/sites\/7\/mozomoza-dirk.avif\" alt=\"\" class=\"wp-image-702\" srcset=\"https:\/\/mozomozashop.com\/fr\/wp-content\/uploads\/sites\/7\/mozomoza-dirk.avif 502w, https:\/\/mozomozashop.com\/fr\/wp-content\/uploads\/sites\/7\/mozomoza-dirk-167x300.avif 167w\" sizes=\"auto, (max-width: 502px) 100vw, 502px\" \/><\/figure>\n\n\n\n<figure class=\"wp-block-image size-large\"><img loading=\"lazy\" decoding=\"async\" width=\"680\" height=\"800\" data-id=\"705\" src=\"https:\/\/mozomozashop.com\/fr\/wp-content\/uploads\/sites\/7\/mozomoza-mia.avif\" alt=\"\" class=\"wp-image-705\" srcset=\"https:\/\/mozomozashop.com\/fr\/wp-content\/uploads\/sites\/7\/mozomoza-mia.avif 680w, https:\/\/mozomozashop.com\/fr\/wp-content\/uploads\/sites\/7\/mozomoza-mia-255x300.avif 255w, https:\/\/mozomozashop.com\/fr\/wp-content\/uploads\/sites\/7\/mozomoza-mia-600x706.avif 600w\" sizes=\"auto, (max-width: 680px) 100vw, 680px\" \/><\/figure>\n\n\n\n<figure class=\"wp-block-image size-large\"><img loading=\"lazy\" decoding=\"async\" width=\"502\" height=\"900\" data-id=\"703\" src=\"https:\/\/mozomozashop.com\/fr\/wp-content\/uploads\/sites\/7\/mozomoza-chris.avif\" alt=\"\" class=\"wp-image-703\" srcset=\"https:\/\/mozomozashop.com\/fr\/wp-content\/uploads\/sites\/7\/mozomoza-chris.avif 502w, https:\/\/mozomozashop.com\/fr\/wp-content\/uploads\/sites\/7\/mozomoza-chris-167x300.avif 167w\" sizes=\"auto, (max-width: 502px) 100vw, 502px\" \/><\/figure>\n\n\n\n<figure class=\"wp-block-image size-large\"><img loading=\"lazy\" decoding=\"async\" width=\"502\" height=\"900\" data-id=\"707\" src=\"https:\/\/mozomozashop.com\/fr\/wp-content\/uploads\/sites\/7\/mozomoza-amsterdam.avif\" alt=\"\" class=\"wp-image-707\" srcset=\"https:\/\/mozomozashop.com\/fr\/wp-content\/uploads\/sites\/7\/mozomoza-amsterdam.avif 502w, https:\/\/mozomozashop.com\/fr\/wp-content\/uploads\/sites\/7\/mozomoza-amsterdam-167x300.avif 167w\" sizes=\"auto, (max-width: 502px) 100vw, 502px\" \/><\/figure>\n<\/figure>\n\n<\/div>\n<\/div>\n\n<div class=\"gb-container gb-container-d64dc7c4 alignfull\">\n<div class=\"gb-container gb-container-97b1e17c\">\n\n<h2 class=\"gb-headline gb-headline-caf6725e gb-headline-text\">Pour quoi bambou<\/h2>\n\n\n<div class=\"gb-grid-wrapper gb-grid-wrapper-b8028123\">\n<div class=\"gb-grid-column gb-grid-column-6122ce6d\"><div class=\"gb-container gb-container-6122ce6d\">\n\n<p class=\"gb-headline gb-headline-67478445 gb-headline-text\">Le bambou prosp\u00e8re enti\u00e8rement sans engrais ni pesticides \u2013 la nature pure. Mais ne vous laissez pas tromper par son origine naturelle : Gr\u00e2ce \u00e0 sa structure fibreuse unique, le bambou est l&rsquo;un des mat\u00e9riaux les plus durs et les plus r\u00e9sistants de notre plan\u00e8te.<\/p>\n\n<\/div><\/div>\n<\/div>\n\n<div class=\"gb-grid-wrapper gb-grid-wrapper-ee63e314\">\n<div class=\"gb-grid-column gb-grid-column-4a8cc8ab\"><div class=\"gb-container gb-container-4a8cc8ab\">\n\n<figure class=\"gb-block-image gb-block-image-891f8bed\"><img loading=\"lazy\" decoding=\"async\" width=\"588\" height=\"588\" class=\"gb-image gb-image-891f8bed\" src=\"https:\/\/mozomozashop.com\/fr\/wp-content\/uploads\/sites\/7\/mozo-fastgrowing.avif\" alt=\"\" title=\"mozo-fastgrowing\" srcset=\"https:\/\/mozomozashop.com\/fr\/wp-content\/uploads\/sites\/7\/mozo-fastgrowing.avif 588w, https:\/\/mozomozashop.com\/fr\/wp-content\/uploads\/sites\/7\/mozo-fastgrowing-300x300.avif 300w, https:\/\/mozomozashop.com\/fr\/wp-content\/uploads\/sites\/7\/mozo-fastgrowing-150x150.avif 150w, https:\/\/mozomozashop.com\/fr\/wp-content\/uploads\/sites\/7\/mozo-fastgrowing-100x100.avif 100w\" sizes=\"auto, (max-width: 588px) 100vw, 588px\" \/><\/figure>\n\n\n\n<h3 class=\"gb-headline gb-headline-11570be7 gb-headline-text\">Croissance rapide<\/h3>\n\n\n\n<p class=\"gb-headline gb-headline-11b95d6e gb-headline-text\">Le bambou est un vrai miracle de la nature et la plante qui cro\u00eet le plus vite sur Terre. Il atteint des dimensions incroyables \u2013 jusqu&rsquo;\u00e0 un m\u00e8tre en une seule journ\u00e9e.<\/p>\n\n<\/div><\/div>\n\n<div class=\"gb-grid-column gb-grid-column-42849f8e\"><div class=\"gb-container gb-container-42849f8e\">\n\n<figure class=\"gb-block-image gb-block-image-5196088d\"><img loading=\"lazy\" decoding=\"async\" width=\"588\" height=\"588\" class=\"gb-image gb-image-5196088d\" src=\"https:\/\/mozomozashop.com\/fr\/wp-content\/uploads\/sites\/7\/mozo-vanaf-de-wortel.avif\" alt=\"\" title=\"mozo-vanaf-de-wortel\" srcset=\"https:\/\/mozomozashop.com\/fr\/wp-content\/uploads\/sites\/7\/mozo-vanaf-de-wortel.avif 588w, https:\/\/mozomozashop.com\/fr\/wp-content\/uploads\/sites\/7\/mozo-vanaf-de-wortel-300x300.avif 300w, https:\/\/mozomozashop.com\/fr\/wp-content\/uploads\/sites\/7\/mozo-vanaf-de-wortel-150x150.avif 150w, https:\/\/mozomozashop.com\/fr\/wp-content\/uploads\/sites\/7\/mozo-vanaf-de-wortel-100x100.avif 100w\" sizes=\"auto, (max-width: 588px) 100vw, 588px\" \/><\/figure>\n\n\n\n<h3 class=\"gb-headline gb-headline-00f2eef1 gb-headline-text\">\u00c0 partir de la racine<\/h3>\n\n\n\n<p class=\"gb-headline gb-headline-7c56faac gb-headline-text\">Puisque le bambou est botaniquement une herbe, il repousse directement depuis la racine apr\u00e8s la r\u00e9colte. Le replantage est superflu \u2013 la nature se r\u00e9g\u00e9n\u00e8re ici enti\u00e8rement par elle-m\u00eame.<\/p>\n\n<\/div><\/div>\n\n<div class=\"gb-grid-column gb-grid-column-5dadcfcd\"><div class=\"gb-container gb-container-5dadcfcd\">\n\n<figure class=\"gb-block-image gb-block-image-7bb8feb3\"><img loading=\"lazy\" decoding=\"async\" width=\"588\" height=\"588\" class=\"gb-image gb-image-7bb8feb3\" src=\"https:\/\/mozomozashop.com\/fr\/wp-content\/uploads\/sites\/7\/mozo-co2-opname.avif\" alt=\"\" title=\"mozo-co2-opname\" srcset=\"https:\/\/mozomozashop.com\/fr\/wp-content\/uploads\/sites\/7\/mozo-co2-opname.avif 588w, https:\/\/mozomozashop.com\/fr\/wp-content\/uploads\/sites\/7\/mozo-co2-opname-300x300.avif 300w, https:\/\/mozomozashop.com\/fr\/wp-content\/uploads\/sites\/7\/mozo-co2-opname-150x150.avif 150w, https:\/\/mozomozashop.com\/fr\/wp-content\/uploads\/sites\/7\/mozo-co2-opname-100x100.avif 100w\" sizes=\"auto, (max-width: 588px) 100vw, 588px\" \/><\/figure>\n\n\n\n<h3 class=\"gb-headline gb-headline-ef66c7f1 gb-headline-text\">Protection climatique active<\/h3>\n\n\n\n<p class=\"gb-headline gb-headline-11f75ffd gb-headline-text\">Un vrai atout pour notre environnement : Le bambou capture significativement plus de CO2 que les arbres et contribue ainsi de mani\u00e8re d\u00e9cisive \u00e0 la lutte contre le changement climatique.<\/p>\n\n<\/div><\/div>\n<\/div>\n<\/div>\n<\/div>\n\n\n<p><\/p>\n","protected":false},"excerpt":{"rendered":"<p>D\u00e9tails Choose Mozomoza Pour quoi bambou<\/p>\n","protected":false},"author":1,"featured_media":0,"parent":0,"menu_order":0,"comment_status":"closed","ping_status":"closed","template":"","meta":{"_acf_changed":false,"footnotes":""},"class_list":["post-616","page","type-page","status-publish"],"acf":[],"_links":{"self":[{"href":"https:\/\/mozomozashop.com\/fr\/wp-json\/wp\/v2\/pages\/616","targetHints":{"allow":["GET"]}}],"collection":[{"href":"https:\/\/mozomozashop.com\/fr\/wp-json\/wp\/v2\/pages"}],"about":[{"href":"https:\/\/mozomozashop.com\/fr\/wp-json\/wp\/v2\/types\/page"}],"author":[{"embeddable":true,"href":"https:\/\/mozomozashop.com\/fr\/wp-json\/wp\/v2\/users\/1"}],"replies":[{"embeddable":true,"href":"https:\/\/mozomozashop.com\/fr\/wp-json\/wp\/v2\/comments?post=616"}],"version-history":[{"count":2,"href":"https:\/\/mozomozashop.com\/fr\/wp-json\/wp\/v2\/pages\/616\/revisions"}],"predecessor-version":[{"id":869,"href":"https:\/\/mozomozashop.com\/fr\/wp-json\/wp\/v2\/pages\/616\/revisions\/869"}],"wp:attachment":[{"href":"https:\/\/mozomozashop.com\/fr\/wp-json\/wp\/v2\/media?parent=616"}],"curies":[{"name":"wp","href":"https:\/\/api.w.org\/{rel}","templated":true}]}}